{"id":6849,"date":"2023-03-27T17:35:09","date_gmt":"2023-03-27T15:35:09","guid":{"rendered":"https:\/\/www.zszarzecze.pl\/?page_id=6849"},"modified":"2025-06-30T14:27:37","modified_gmt":"2025-06-30T12:27:37","slug":"erasmus","status":"publish","type":"page","link":"https:\/\/www.zszarzecze.pl\/?page_id=6849","title":{"rendered":"Erasmus+"},"content":{"rendered":"\n<p>Otwieramy now\u0105 zak\u0142adk\u0119 na szkolnej stronie internetowej aby na bie\u017c\u0105co i obszernie informowa\u0107 Pa\u0144stwa o wszelkich dzia\u0142aniach podejmowanych w ramach programu Erasmus+.<\/p>\n\n\n\n<p>&nbsp;&nbsp;&nbsp;&nbsp;&nbsp;&nbsp;&nbsp;&nbsp;&nbsp;&nbsp;&nbsp;&nbsp;&nbsp;&nbsp; W ramach programu mo\u017cliwe s\u0105 r\u00f3\u017cnorakie dzia\u0142ania wspieraj\u0105ce uczni\u00f3w w szeroko poj\u0119tej edukacji szkolnej, rozwoju umiej\u0119tno\u015bci j\u0119zykowych i poszerzaniu kontakt\u00f3w mi\u0119dzynarodowych. Mi\u0119dzynarodowa wsp\u00f3\u0142praca szk\u00f3\u0142 daje uczniom mo\u017cliwo\u015b\u0107 wyjazd\u00f3w zagranicznych, w czasie kt\u00f3rych opr\u00f3cz zaplanowanych dzia\u0142a\u0144 projektowych, nasza m\u0142odzie\u017c zwiedza ciekawe miejsca, poznaje kultur\u0119 i zwyczaje kraj\u00f3w w\u0142\u0105czonych do programu Erasmus+, nawi\u0105zuje przyja\u017anie z r\u00f3wie\u015bnikami innej narodowo\u015bci.<\/p>\n\n\n\n<p>&nbsp;&nbsp;&nbsp;&nbsp;&nbsp;&nbsp;&nbsp;&nbsp;&nbsp;&nbsp;&nbsp;&nbsp;&nbsp;&nbsp; Program Erasmus+ to tak\u017ce mo\u017cliwo\u015b\u0107 rozwoju zawodowego nauczycieli. Opr\u00f3cz do\u015bwiadcze\u0144, kt\u00f3re zdobywaj\u0105 pedagodzy podczas wymiany uczniowskiej i dzielenia si\u0119 dobrymi praktykami ze szko\u0142ami partnerskimi, nauczyciele maj\u0105 te\u017c okazj\u0119 do podnoszenia swoich kwalifikacji na kursach szkoleniowych i sta\u017cach tzw. Job shadowing.<\/p>\n\n\n\n<p>&nbsp;&nbsp;&nbsp;&nbsp;&nbsp;&nbsp;&nbsp;&nbsp;&nbsp;&nbsp;&nbsp;&nbsp;&nbsp;&nbsp; 28 lutego 2023 roku zako\u0144czyli\u015bmy projekt mi\u0119dzynarodowy KA 229 \u2013 School Exchange Partnerships zatytu\u0142owany \u201eMake the social media a safe place\u201d. Jednocze\u015bnie rozpocz\u0119li\u015bmy realizacj\u0119 wniosku akredytowanego, z\u0142o\u017conego w pa\u017adzierniku ubieg\u0142ego roku. Akredytacja przyznawana jest szko\u0142om z do\u015bwiadczeniem projektowym i pozwala na realizacj\u0119 zaplanowanych we wniosku dzia\u0142a\u0144, kt\u00f3rych bezpo\u015brednimi beneficjentami s\u0105 uczniowie i nauczyciele. Szczeg\u00f3\u0142owe informacje z kolejno prowadzonych aktywno\u015bci b\u0119d\u0105 systematycznie podawane w niniejszej zak\u0142adce.<\/p>\n\n\n\n<p>&nbsp;&nbsp;&nbsp;&nbsp;&nbsp;&nbsp;&nbsp;&nbsp;&nbsp;&nbsp;&nbsp;&nbsp;&nbsp;&nbsp; Realizacja projekt\u00f3w jest w ca\u0142o\u015bci finansowana przez Uni\u0119 Europejsk\u0105. Przyznanie grantu, r\u00f3wnoznaczne z akceptacj\u0105 z\u0142o\u017conego wniosku zale\u017cy od prawid\u0142owo z\u0142o\u017conego formularza i ciekawego pomys\u0142u na dzia\u0142ania wspieraj\u0105ce rozw\u00f3j m\u0142odzie\u017cy.<\/p>\n\n\n\n<p>&nbsp;&nbsp;&nbsp;&nbsp;&nbsp;&nbsp;&nbsp;&nbsp;&nbsp;&nbsp;&nbsp;&nbsp;&nbsp;&nbsp; Zach\u0119camy do cz\u0119stego zagl\u0105dania w zak\u0142adk\u0119 Erasmus+, gdzie b\u0119dziemy zamieszcza\u0107 wszelkie informacje, publikacje i zdj\u0119cia.<\/p>\n\n\n\n<p>Zarzecze 26.04. 2023<\/p>\n\n\n\n<p><a href=\"https:\/\/pgzarzecze.home.pl\/autoinstalator\/wordpressplugins\/dokumenty\/broszuramama.pdf\">broszura projektowa<\/a><\/p>\n\n\n\n<hr class=\"wp-block-separator\"\/>\n\n\n\n<p class=\"has-text-align-center\"> <strong>Job Shadowing  <\/strong><\/p>\n\n\n\n<p>Obserwacja pracy czyli <em>job shadowing<\/em> to jedna z aktywno\u015bci zaplanowanych w ramach Akredytacji Erasmus+. Jej celem jest wymiana do\u015bwiadcze\u0144 pomi\u0119dzy nauczycielami akredytowanych szk\u00f3\u0142 w ca\u0142ej Europie. W dniach 23.X \u2013 30.X. 2023 nauczycielki z naszej szko\u0142y- A. Wygnaniec, L. Dziedzic, G. Rzeszutek obserwowa\u0142y prac\u0119 szko\u0142y podstawowej w Hiszpanii &#8211; Colexio de Education Infantil e Primaria Mestre Vide.<\/p>\n\n\n\n<p>&nbsp;&nbsp;&nbsp;&nbsp;&nbsp;&nbsp;&nbsp;&nbsp;&nbsp;&nbsp;&nbsp; Opr\u00f3cz obserwacji lekcji szkolnych, m.in. muzyki, j\u0119zyka angielskiego, wf-u, historii, panie mia\u0142y okazj\u0119 przyjrze\u0107 si\u0119 pracy przedszkoli, odby\u0142y te\u017c wizyt\u0119 w szkole drugiego stopnia oraz szkole j\u0119zykowej dla doros\u0142ych. G\u0142\u00f3wnym celem wizyty by\u0142a wymiana dobrych praktyk, dzielenie si\u0119 do\u015bwiadczeniem w organizacji zaj\u0119\u0107 edukacyjnych i pozaszkolnych, wykorzystanie technologii informatycznych w procesie dydaktycznym.<\/p>\n\n\n\n<p>&nbsp;&nbsp;&nbsp;&nbsp;&nbsp;&nbsp;&nbsp;&nbsp;&nbsp;&nbsp;&nbsp; R\u00f3wnie wa\u017cna jest implementacja dobrych rozwi\u0105za\u0144 w sferze wychowawczej, dlatego panie przygl\u0105da\u0142y si\u0119 zachowaniu uczni\u00f3w podczas przerw, ich relacjom z nauczycielami, uczestniczy\u0142y w wycieczce klasowej do muzeum w Santiago de Compostela.<\/p>\n\n\n\n<p>&nbsp;&nbsp;&nbsp;&nbsp;&nbsp;&nbsp;&nbsp;&nbsp;&nbsp;&nbsp;&nbsp; Realizowany w naszej szkole program Erasmus+Akredytacja finansowany jest w ca\u0142o\u015bci ze \u015brodk\u00f3w Unii Europejskiej.<\/p>\n\n\n\nngg_shortcode_0_placeholder\n\n\n\n<hr class=\"wp-block-separator aligncenter\"\/>\n\n\n\n<p class=\"has-text-align-center\"><strong>9.12-16.12.2023 Granada, Hiszpania<\/strong><\/p>\n\n\n\n<p>Mobilno\u015b\u0107 uczni\u00f3w w ramach Akredytacji Erasmus+ odby\u0142a si\u0119 w szkole Ave Maria San Cristobal w Granadzie, na po\u0142udniu Hiszpanii. Obserwowali\u015bmy i uczestniczyli\u015bmy w zaj\u0119ciach lekcyjnych, brali\u015bmy udzia\u0142 w warsztatach o bezpiecze\u0144stwie w mediach spo\u0142eczno\u015bciowych, szkolili\u015bmy umiej\u0119tno\u015b\u0107 komunikacji i zwiedzali\u015bmy najpi\u0119kniejsze dzielnice miasta.<\/p>\n\n\n\nngg_shortcode_1_placeholder\n\n\n\n<hr class=\"wp-block-separator\"\/>\n\n\n\n<p>W dniach 7.04-13.04 nauczycielki j.angielskiego p. Anna Wygnaniec i p. Joanna G\u00f3rska bra\u0142y udzia\u0142 w szkoleniu w ramach Akredytacji ERASMUS + \ud83c\uddea\ud83c\uddfa\ud83c\uddf5\ud83c\uddf9<\/p>\n\n\n\n<p>Szkolenie mia\u0142o charakter mi\u0119dzynarodowy, odby\u0142o si\u0119 w Portugalii. \ud83c\uddf5\ud83c\uddf9\ud83c\uddf5\ud83c\uddf9\ud83c\uddf5\ud83c\uddf9<\/p>\n\n\n\n<p>Jego g\u0142\u00f3wnym tematem by\u0142o zastosowanie sztucznej inteligencji w pracy nauczyciela. Podczas zaj\u0119\u0107 praktycznych uczestnicy kursu poznawali zastosowanie platform;&nbsp; Gamma, Magic School, Copilot, ChatGPT, Padlet.<\/p>\n\n\n\n<p>Spotkanie by\u0142o r\u00f3wnie\u017c okazj\u0105 do wymiany do\u015bwiadcze\u0144 w zakresie metodologii nauczania j. angielskiego pomi\u0119dzy nauczycielami z Szwecji, Litwy, Hiszpanii i Portugalii. Idea tzw. flipped classroom i wykorzystanie narz\u0119dzi AI staje si\u0119 ju\u017c bardzo powszechna w szko\u0142ach Europy Zachodniej. Jest to nowatorski i bardziej aktywny proces uczenia, zapewniaj\u0105cy szerok\u0105 indywidualizacj\u0119, w kt\u00f3rym wykorzystanie narz\u0119dzi sztucznej inteligencji jest konieczne.<\/p>\n\n\n\nngg_shortcode_2_placeholder\n\n\n\n<p><\/p>\n\n\n\n<hr class=\"wp-block-separator\"\/>\n\n\n\n<p>Pierwsza mobilno\u015b\u0107 w ramach projektu \u201eGreen Trace\u201d -Aveiro, Portugalia<\/p>\n\n\n\n<p>W dniach 9-12.06.2025 r nauczycielki j. angielskiego p. Joanna G\u00f3rska i p. Anna Wygnaniec&nbsp; wzi\u0119\u0142y udzia\u0142 w spotkaniu projektowym w ramach programu Erasmus+, kt\u00f3re odby\u0142o si\u0119 w szkole Agrupamento de Escolas de Eixo w miejscowo\u015bci Aveiro, w Portugalii. Spotkanie by\u0142o cz\u0119\u015bci\u0105 realizacji mi\u0119dzynarodowego projektu edukacyjnego &#8220;Green Trace&#8221;, kt\u00f3rego celem jest promowanie postaw proekologicznych, rozwijanie \u015bwiadomo\u015bci ekologicznej oraz wzmacnianie wsp\u00f3\u0142pracy mi\u0119dzyszkolnej na rzecz ochrony \u015brodowiska.<\/p>\n\n\n\n<p>W trakcie wizyty&nbsp; om\u00f3wiono wyniki wcze\u015bniejszych zada\u0144 oraz zaplanowano harmonogram przysz\u0142ych dzia\u0142a\u0144 z uwzgl\u0119dnieniem lokalnych inicjatyw ekologicznych oraz zada\u0144 mi\u0119dzynarodowych. Ka\u017cda ze szk\u00f3\u0142 partnerskich przedstawi\u0142a propozycje dzia\u0142a\u0144, kt\u00f3re b\u0119d\u0105 realizowane w najbli\u017cszych miesi\u0105cach.<\/p>\n\n\n\n<p>Wa\u017cnym elementem spotkania by\u0142y rozmowy dotycz\u0105ce organizacji przysz\u0142ych mobilno\u015bci uczni\u00f3w i nauczycieli. Ustalono wst\u0119pne terminy wyjazd\u00f3w, okre\u015blono liczb\u0119 uczestnik\u00f3w oraz wst\u0119pny program wizyt. Podj\u0119to r\u00f3wnie\u017c decyzje dotycz\u0105ce sposobu przygotowania uczni\u00f3w do udzia\u0142u w mobilno\u015bciach, zar\u00f3wno pod k\u0105tem j\u0119zykowym, jak i merytorycznym.<\/p>\n\n\n\n<p>Kolejna mobilno\u015b\u0107 odb\u0119dzie si\u0119 w naszej szkole we wrze\u015bniu. B\u0119dzie nam mi\u0142o go\u015bci\u0107 nauczycieli i uczni\u00f3w z Portugalii, Turcji i W\u0142och.<\/p>\n\n\n\n<p>Dodatkowo om\u00f3wiono kwestie zwi\u0105zane z dokumentacj\u0105 projektow\u0105, promocj\u0105 dzia\u0142a\u0144 oraz ewaluacj\u0105 rezultat\u00f3w projektu. Spotkanie pozwoli\u0142o na efektywn\u0105 wymian\u0119 do\u015bwiadcze\u0144, dobrych praktyk oraz na zacie\u015bnienie wsp\u00f3\u0142pracy pomi\u0119dzy szko\u0142ami partnerskimi.<\/p>\n\n\n\n<p>Wyjazd do Portugalii by\u0142 cennym do\u015bwiadczeniem zar\u00f3wno pod wzgl\u0119dem merytorycznym, jak i kulturowym. Nauczyciele wr\u00f3cili z nowymi pomys\u0142ami oraz konkretnym planem dzia\u0142a\u0144, kt\u00f3re b\u0119d\u0105 realizowane w ramach projektu &#8220;Green Trace&#8221;.<\/p>\n\n\n\n<p>Joanna G\u00f3rska<\/p>\n\n\n\nngg_shortcode_3_placeholder\n","protected":false},"excerpt":{"rendered":"<p>Otwieramy now\u0105 zak\u0142adk\u0119 na szkolnej stronie internetowej aby na bie\u017c\u0105co i obszernie informowa\u0107 Pa\u0144stwa o wszelkich dzia\u0142aniach podejmowanych w ramach programu Erasmus+. &nbsp;&nbsp;&nbsp;&nbsp;&nbsp;&nbsp;&nbsp;&nbsp;&nbsp;&nbsp;&nbsp;&nbsp;&nbsp;&nbsp; W ramach programu mo\u017cliwe s\u0105 r\u00f3\u017cnorakie dzia\u0142ania wspieraj\u0105ce uczni\u00f3w w szeroko poj\u0119tej edukacji szkolnej, rozwoju umiej\u0119tno\u015bci j\u0119zykowych i poszerzaniu kontakt\u00f3w mi\u0119dzynarodowych. Mi\u0119dzynarodowa wsp\u00f3\u0142praca szk\u00f3\u0142 daje uczniom mo\u017cliwo\u015b\u0107 wyjazd\u00f3w zagranicznych, w czasie kt\u00f3rych [&hellip;]<\/p>\n","protected":false},"author":1,"featured_media":0,"parent":0,"menu_order":0,"comment_status":"closed","ping_status":"closed","template":"","meta":{"ngg_post_thumbnail":0},"yoast_head":"<!-- This site is optimized with the Yoast SEO plugin v16.9 - https:\/\/yoast.com\/wordpress\/plugins\/seo\/ -->\n<title>Erasmus+ - Zesp\u00f3\u0142 Szk\u00f3\u0142 w Zarzeczu<\/title>\n<meta name=\"robots\" content=\"index, follow, max-snippet:-1, max-image-preview:large, max-video-preview:-1\" \/>\n<link rel=\"canonical\" href=\"https:\/\/www.zszarzecze.pl\/?page_id=6849\" \/>\n<meta property=\"og:locale\" content=\"pl_PL\" \/>\n<meta property=\"og:type\" content=\"article\" \/>\n<meta property=\"og:title\" content=\"Erasmus+ - Zesp\u00f3\u0142 Szk\u00f3\u0142 w Zarzeczu\" \/>\n<meta property=\"og:description\" content=\"Otwieramy now\u0105 zak\u0142adk\u0119 na szkolnej stronie internetowej aby na bie\u017c\u0105co i obszernie informowa\u0107 Pa\u0144stwa o wszelkich dzia\u0142aniach podejmowanych w ramach programu Erasmus+. &nbsp;&nbsp;&nbsp;&nbsp;&nbsp;&nbsp;&nbsp;&nbsp;&nbsp;&nbsp;&nbsp;&nbsp;&nbsp;&nbsp; W ramach programu mo\u017cliwe s\u0105 r\u00f3\u017cnorakie dzia\u0142ania wspieraj\u0105ce uczni\u00f3w w szeroko poj\u0119tej edukacji szkolnej, rozwoju umiej\u0119tno\u015bci j\u0119zykowych i poszerzaniu kontakt\u00f3w mi\u0119dzynarodowych. Mi\u0119dzynarodowa wsp\u00f3\u0142praca szk\u00f3\u0142 daje uczniom mo\u017cliwo\u015b\u0107 wyjazd\u00f3w zagranicznych, w czasie kt\u00f3rych [&hellip;]\" \/>\n<meta property=\"og:url\" content=\"https:\/\/www.zszarzecze.pl\/?page_id=6849\" \/>\n<meta property=\"og:site_name\" content=\"Zesp\u00f3\u0142 Szk\u00f3\u0142 w Zarzeczu\" \/>\n<meta property=\"article:modified_time\" content=\"2025-06-30T12:27:37+00:00\" \/>\n<meta name=\"twitter:card\" content=\"summary_large_image\" \/>\n<meta name=\"twitter:label1\" content=\"Szacowany czas czytania\" \/>\n\t<meta name=\"twitter:data1\" content=\"4 minuty\" \/>\n<script type=\"application\/ld+json\" class=\"yoast-schema-graph\">{\"@context\":\"https:\/\/schema.org\",\"@graph\":[{\"@type\":\"WebSite\",\"@id\":\"https:\/\/www.zszarzecze.pl\/#website\",\"url\":\"https:\/\/www.zszarzecze.pl\/\",\"name\":\"Zesp\\u00f3\\u0142 Szk\\u00f3\\u0142 w Zarzeczu\",\"description\":\"\",\"potentialAction\":[{\"@type\":\"SearchAction\",\"target\":{\"@type\":\"EntryPoint\",\"urlTemplate\":\"https:\/\/www.zszarzecze.pl\/?s={search_term_string}\"},\"query-input\":\"required name=search_term_string\"}],\"inLanguage\":\"pl-PL\"},{\"@type\":\"WebPage\",\"@id\":\"https:\/\/www.zszarzecze.pl\/?page_id=6849#webpage\",\"url\":\"https:\/\/www.zszarzecze.pl\/?page_id=6849\",\"name\":\"Erasmus+ - Zesp\\u00f3\\u0142 Szk\\u00f3\\u0142 w Zarzeczu\",\"isPartOf\":{\"@id\":\"https:\/\/www.zszarzecze.pl\/#website\"},\"datePublished\":\"2023-03-27T15:35:09+00:00\",\"dateModified\":\"2025-06-30T12:27:37+00:00\",\"breadcrumb\":{\"@id\":\"https:\/\/www.zszarzecze.pl\/?page_id=6849#breadcrumb\"},\"inLanguage\":\"pl-PL\",\"potentialAction\":[{\"@type\":\"ReadAction\",\"target\":[\"https:\/\/www.zszarzecze.pl\/?page_id=6849\"]}]},{\"@type\":\"BreadcrumbList\",\"@id\":\"https:\/\/www.zszarzecze.pl\/?page_id=6849#breadcrumb\",\"itemListElement\":[{\"@type\":\"ListItem\",\"position\":1,\"name\":\"Home\",\"item\":\"https:\/\/www.zszarzecze.pl\/\"},{\"@type\":\"ListItem\",\"position\":2,\"name\":\"Erasmus+\"}]}]}<\/script>\n<!-- \/ Yoast SEO plugin. -->","yoast_head_json":{"title":"Erasmus+ - Zesp\u00f3\u0142 Szk\u00f3\u0142 w Zarzeczu","robots":{"index":"index","follow":"follow","max-snippet":"max-snippet:-1","max-image-preview":"max-image-preview:large","max-video-preview":"max-video-preview:-1"},"canonical":"https:\/\/www.zszarzecze.pl\/?page_id=6849","og_locale":"pl_PL","og_type":"article","og_title":"Erasmus+ - Zesp\u00f3\u0142 Szk\u00f3\u0142 w Zarzeczu","og_description":"Otwieramy now\u0105 zak\u0142adk\u0119 na szkolnej stronie internetowej aby na bie\u017c\u0105co i obszernie informowa\u0107 Pa\u0144stwa o wszelkich dzia\u0142aniach podejmowanych w ramach programu Erasmus+. &nbsp;&nbsp;&nbsp;&nbsp;&nbsp;&nbsp;&nbsp;&nbsp;&nbsp;&nbsp;&nbsp;&nbsp;&nbsp;&nbsp; W ramach programu mo\u017cliwe s\u0105 r\u00f3\u017cnorakie dzia\u0142ania wspieraj\u0105ce uczni\u00f3w w szeroko poj\u0119tej edukacji szkolnej, rozwoju umiej\u0119tno\u015bci j\u0119zykowych i poszerzaniu kontakt\u00f3w mi\u0119dzynarodowych. Mi\u0119dzynarodowa wsp\u00f3\u0142praca szk\u00f3\u0142 daje uczniom mo\u017cliwo\u015b\u0107 wyjazd\u00f3w zagranicznych, w czasie kt\u00f3rych [&hellip;]","og_url":"https:\/\/www.zszarzecze.pl\/?page_id=6849","og_site_name":"Zesp\u00f3\u0142 Szk\u00f3\u0142 w Zarzeczu","article_modified_time":"2025-06-30T12:27:37+00:00","twitter_card":"summary_large_image","twitter_misc":{"Szacowany czas czytania":"4 minuty"},"schema":{"@context":"https:\/\/schema.org","@graph":[{"@type":"WebSite","@id":"https:\/\/www.zszarzecze.pl\/#website","url":"https:\/\/www.zszarzecze.pl\/","name":"Zesp\u00f3\u0142 Szk\u00f3\u0142 w Zarzeczu","description":"","potentialAction":[{"@type":"SearchAction","target":{"@type":"EntryPoint","urlTemplate":"https:\/\/www.zszarzecze.pl\/?s={search_term_string}"},"query-input":"required name=search_term_string"}],"inLanguage":"pl-PL"},{"@type":"WebPage","@id":"https:\/\/www.zszarzecze.pl\/?page_id=6849#webpage","url":"https:\/\/www.zszarzecze.pl\/?page_id=6849","name":"Erasmus+ - Zesp\u00f3\u0142 Szk\u00f3\u0142 w Zarzeczu","isPartOf":{"@id":"https:\/\/www.zszarzecze.pl\/#website"},"datePublished":"2023-03-27T15:35:09+00:00","dateModified":"2025-06-30T12:27:37+00:00","breadcrumb":{"@id":"https:\/\/www.zszarzecze.pl\/?page_id=6849#breadcrumb"},"inLanguage":"pl-PL","potentialAction":[{"@type":"ReadAction","target":["https:\/\/www.zszarzecze.pl\/?page_id=6849"]}]},{"@type":"BreadcrumbList","@id":"https:\/\/www.zszarzecze.pl\/?page_id=6849#breadcrumb","itemListElement":[{"@type":"ListItem","position":1,"name":"Home","item":"https:\/\/www.zszarzecze.pl\/"},{"@type":"ListItem","position":2,"name":"Erasmus+"}]}]}},"_links":{"self":[{"href":"https:\/\/www.zszarzecze.pl\/index.php?rest_route=\/wp\/v2\/pages\/6849"}],"collection":[{"href":"https:\/\/www.zszarzecze.pl\/index.php?rest_route=\/wp\/v2\/pages"}],"about":[{"href":"https:\/\/www.zszarzecze.pl\/index.php?rest_route=\/wp\/v2\/types\/page"}],"author":[{"embeddable":true,"href":"https:\/\/www.zszarzecze.pl\/index.php?rest_route=\/wp\/v2\/users\/1"}],"replies":[{"embeddable":true,"href":"https:\/\/www.zszarzecze.pl\/index.php?rest_route=%2Fwp%2Fv2%2Fcomments&post=6849"}],"version-history":[{"count":9,"href":"https:\/\/www.zszarzecze.pl\/index.php?rest_route=\/wp\/v2\/pages\/6849\/revisions"}],"predecessor-version":[{"id":13509,"href":"https:\/\/www.zszarzecze.pl\/index.php?rest_route=\/wp\/v2\/pages\/6849\/revisions\/13509"}],"wp:attachment":[{"href":"https:\/\/www.zszarzecze.pl\/index.php?rest_route=%2Fwp%2Fv2%2Fmedia&parent=6849"}],"curies":[{"name":"wp","href":"https:\/\/api.w.org\/{rel}","templated":true}]}}