{"id":6235,"date":"2023-01-11T19:52:26","date_gmt":"2023-01-11T18:52:26","guid":{"rendered":"https:\/\/www.zszarzecze.pl\/?page_id=6235"},"modified":"2025-04-11T14:06:33","modified_gmt":"2025-04-11T12:06:33","slug":"konkurs-interdyscyplinarny-diecezjalnej-rodziny-szkol-im-jana-pawla-ii-diecezji-przemyskiej-2","status":"publish","type":"page","link":"https:\/\/www.zszarzecze.pl\/?page_id=6235","title":{"rendered":"VII Konkurs Interdyscyplinarny Diecezjalnej Rodziny Szk\u00f3\u0142 im. Jana Paw\u0142a II Diecezji Przemyskiej"},"content":{"rendered":"\n<p>1.Cele:<\/p>\n\n\n\n<p>&#8211; integracja uczni\u00f3w i nauczycieli Rodziny Szk\u00f3\u0142 im. Jana Paw\u0142a II Diecezji Przemyskiej<\/p>\n\n\n\n<p>&#8211; wdra\u017canie do rywalizacji naukowo \u2013 sportowej<\/p>\n\n\n\n<p>&#8211; rywalizacja dzieci i wsp\u00f3\u0142zawodnictwo<\/p>\n\n\n\n<p>&#8211; dzielenie si\u0119 wiedz\u0105 interdyscyplinarn\u0105 w ramach podstawy programowej<\/p>\n\n\n\n<p>&#8211; promowanie aktywnego i zdrowego stylu \u017cycia<\/p>\n\n\n\n<p>2. Organizator konkursu:<\/p>\n\n\n\n<p><strong>Zesp\u00f3\u0142 Szk\u00f3\u0142 w Zarzeczu<\/strong><\/p>\n\n\n\n<p><strong>ul. \u015awi\u0119tego Jana Paw\u0142a II 7<\/strong><\/p>\n\n\n\n<p><strong>37 \u2013 205 Zarzecze k. Przeworska<\/strong><\/p>\n\n\n\n<p><a href=\"mailto:zs.zarzecze.konkursy@gmail.com\"><strong>zs.zarzecze.konkursy@gmail.com<\/strong><\/a><strong><\/strong><\/p>\n\n\n\n<p><strong>tel. 0 16&nbsp;640 15 86<\/strong><\/p>\n\n\n\n<p>3. Adresat konkursu:<\/p>\n\n\n\n<p>Konkurs adresowany jest do uczni\u00f3w szk\u00f3\u0142 podstawowych z terenu Diecezji Przemyskiej nosz\u0105cych imi\u0119 Jana Paw\u0142a II.<\/p>\n\n\n\n<p>Szko\u0142a dla danej &nbsp;kategorii wiekowej wystawia jedn\u0105 , 3-osobow\u0105 dru\u017cyn\u0119.<\/p>\n\n\n\n<p>4. Struktura konkursu:<\/p>\n\n\n\n<p>&#8211; konkurs podzielony jest na 3 kategorie wiekowe<\/p>\n\n\n\n<p>&nbsp; I kategoria: uczniowie klas I \u2013 III<\/p>\n\n\n\n<p>&nbsp; II kategoria: uczniowie klas IV \u2013 VI<\/p>\n\n\n\n<p>&nbsp;III kategoria: uczniowie klas VII &#8211; VIII<\/p>\n\n\n\n<p>&#8211; w ka\u017cdej&nbsp; kategorii wiekowej przewidziane s\u0105 dwa etapy : wiedzy (interdyscyplinarny) i sportowy, w kt\u00f3rych bior\u0105 udzia\u0142 ci sami uczniowie<\/p>\n\n\n\n<p>&#8211; podczas konkurencji rekreacyjno \u2013 sportowej obowi\u0105zuje str\u00f3j sportowy<\/p>\n\n\n\n<p><strong>Etap I \u2013 wiedzy (interdyscyplinarny)<\/strong><\/p>\n\n\n\n<p>I kategoria: uczniowie klas I \u2013 III<\/p>\n\n\n\n<p>&#8211; uczniowie \u2013 dru\u017cynowo \u2013 rozwi\u0105zuj\u0105 zadania, zagadki obejmuj\u0105ce zagadnienia z edukacji polonistycznej, matematycznej, spo\u0142eczno-przyrodniczej, religijnej w obr\u0119bie podstawy programowej.<\/p>\n\n\n\n<p>II kategoria: uczniowie klas IV \u2013 VI<\/p>\n\n\n\n<p>&#8211; uczniowie \u2013 dru\u017cynowo \u2013 rozwi\u0105zuj\u0105 zagadki, zadania, krzy\u017c\u00f3wki i rebusy z zakresu j\u0119zyka polskiego, historii, &nbsp;matematyki, biologii (przyrody), muzyki, &nbsp;j\u0119zyka angielskiego i religii. Zakres tematyczny zgodny z podstaw\u0105 programow\u0105.<\/p>\n\n\n\n<p>III kategoria: uczniowie klas VII &#8211; VIII<\/p>\n\n\n\n<p>&#8211; uczniowie &#8211; dru\u017cynowo \u2013 rozwi\u0105zuj\u0105 zadania z informatyki, biologii, j\u0119zyka polskiego, matematyki, geografii, j\u0119zyka angielskiego, religii obejmuj\u0105ce tre\u015bci zgodne z podstaw\u0105 programow\u0105.<\/p>\n\n\n\n<p><strong>Etap II \u2013 sportowy<\/strong><\/p>\n\n\n\n<p>&#8211; etap ten&nbsp; dla ka\u017cdej kategorii wiekowej ma form\u0119 zawod\u00f3w sportowych<\/p>\n\n\n\n<p>&#8211; rywalizacja dru\u017cynowa obejmuje r\u00f3\u017cne \u0107wiczenia i zabawy lekkoatletyczne<\/p>\n\n\n\n<p>UWAGA!<\/p>\n\n\n\n<p>Wykaz konkurencji zosta\u0142 przedstawiony w za\u0142\u0105czniku nr 1<\/p>\n\n\n\n<p>5. Terminarz konkursu:<\/p>\n\n\n\n<p>&#8211; szko\u0142y zg\u0142aszaj\u0105 udzia\u0142&nbsp; dru\u017cyn w konkursie&nbsp; <strong>do 10 kwietnia 2025 <\/strong>na adres e-mailowy<\/p>\n\n\n\n<p>&nbsp; &nbsp;podany wy\u017cej<\/p>\n\n\n\n<p>&#8211; fina\u0142 konkursu \u2013 <strong>24 kwietnia 2025 roku (czwartek) o godzinie 10.00<\/strong><\/p>\n\n\n\n<p><strong>&#8211; <\/strong>w razie pyta\u0144 i w\u0105tpliwo\u015bci prosimy dzwoni\u0107 do sekretariatu szko\u0142y<\/p>\n\n\n\n<p>6. Nagrody:<\/p>\n\n\n\n<p>Ka\u017cda dru\u017cyna bior\u0105ca udzia\u0142 w konkursie otrzymuje pami\u0105tkowy dyplom, a laureaci atrakcyjne nagrody. Wr\u0119czenie dyplom\u00f3w i upomink\u00f3w nast\u0105pi po zako\u0144czeniu konkursu.<\/p>\n\n\n\n<p>7. Laureatami konkursu s\u0105 dru\u017cyny, kt\u00f3re zaj\u0119\u0142y kolejno I, II, III miejsce.<\/p>\n\n\n\n<p>8. Kolejno\u015b\u0107 zajmowanych miejsc zostanie ustalona na podstawie sumy punkt\u00f3w z obu etap\u00f3w konkursu (wiedzy i sportowego).<\/p>\n\n\n\n<p>9. Po zako\u0144czeniu konkursu i og\u0142oszeniu wynik\u00f3w przewidziany jest pocz\u0119stunek dla wszystkich uczestnik\u00f3w.<\/p>\n\n\n\n<p><strong>ZA\u0141\u0104CZNIK NR I<\/strong><\/p>\n\n\n\n<p><strong>Program konkurencji rekreacyjno-sportowych:<\/strong><\/p>\n\n\n\n<p><strong>I.&nbsp;&nbsp;&nbsp;&nbsp;&nbsp;&nbsp;&nbsp;&nbsp; <u>Klasy I-III<\/u><\/strong><\/p>\n\n\n\n<p>Stacja I \u2013 Bieg sprinterski dru\u017cyny z prze\u0142o\u017ceniem szarfy na czas<\/p>\n\n\n\n<p>Opis \u0107wiczenia \u2013 na sygna\u0142 \u0107wicz\u0105cy biegnie do stojaka w odleg\u0142o\u015bci 10 m, bierze szarf\u0119 za\u0142o\u017con\u0105 na stojaku, przek\u0142ada szarf\u0119 od g\u0142owy do st\u00f3p, zak\u0142ada szarf\u0119 na stojak i wraca do linii startu. O klasyfikacji ko\u0144cowej decyduje czas ca\u0142ej dru\u017cyny.<\/p>\n\n\n\n<p>Stacja II \u2013 rzut woreczkiem do celu<\/p>\n\n\n\n<p>Opis \u0107wiczenia \u2013 ka\u017cdy z uczestnik\u00f3w wykonuje rzut woreczkiem do celu (obr\u0119czy gimnastycznej hula \u2013 hop) po\u0142o\u017conej poziomo na powierzchni hali lub stadionu. Obr\u0119cz znajduje si\u0119 w odleg\u0142o\u015bci 5 m od linii, od kt\u00f3rej nale\u017cy wykona\u0107 kolejne rzuty. Za ka\u017cdy celny rzut dru\u017cyna otrzymuje 1 pkt. O klasyfikacji ko\u0144cowej decyduje liczba punkt\u00f3w uzyskanych przez ca\u0142\u0105 dru\u017cyn\u0119.<\/p>\n\n\n\n<p>Stacja III \u2013 skoki dodawane<\/p>\n\n\n\n<p>Opis \u0107wiczenia \u2013 kolejni uczestnicy dru\u017cyny wykonuj\u0105 skoki w dal z miejsca obun\u00f3\u017c, ka\u017cdy nast\u0119pny skok wykonywany jest z miejsca, do kt\u00f3rego doskoczy\u0142 poprzedni \u0107wicz\u0105cy. O klasyfikacji ko\u0144cowej decyduje odleg\u0142o\u015b\u0107 skoku jak\u0105 uzyska\u0142a ca\u0142a dru\u017cyna.<\/p>\n\n\n\n<p>Stacja IV \u2013 sk\u0142ony tu\u0142owia na czas (\u201ebrzuszki\u201d)<\/p>\n\n\n\n<p>Opis \u0107wiczenia \u2013 ka\u017cdy \u0107wicz\u0105cy z le\u017cenia ty\u0142em na materacu, nogi ugi\u0119te w stawach kolanowych pod k\u0105tem prostym, stopy w\u0142o\u017cone pod pierwszy szczebel drabinek, wykonuje sk\u0142ony tu\u0142owia w ci\u0105gu 30 s. O klasyfikacji ko\u0144cowej decyduje \u0142\u0105czna liczba wszystkich sk\u0142on\u00f3w jak\u0105 uzyska\u0142a ca\u0142a dru\u017cyna.<\/p>\n\n\n\n<p><strong>II.&nbsp;&nbsp;&nbsp;&nbsp;&nbsp;&nbsp;&nbsp; <u>Klasy IV-VI<\/u><\/strong><\/p>\n\n\n\n<p>Stacja I \u2013 bieg sprinterski 10 x 5 m<\/p>\n\n\n\n<p>Opis \u0107wiczenia \u2013 ka\u017cdy z uczestnik\u00f3w dru\u017cyny pokonuje odcinek 5 m 10 razy (tam i z powrotem). Bieg wykonywany jest na wyznaczonym odcinku 5 m, odleg\u0142o\u015b\u0107 mi\u0119dzy liniami 120 cm. O klasyfikacji ko\u0144cowej decyduje czas ca\u0142ej dru\u017cyny.<\/p>\n\n\n\n<p>Stacja II \u2013 rzut pi\u0142k\u0105 lekarsk\u0105 (1 kg)<\/p>\n\n\n\n<p>Opis \u0107wiczenia \u2013 uczestnicy dru\u017cyny wykonuj\u0105 rzut obur\u0105cz pi\u0142k\u0105 lekarsk\u0105 znad g\u0142owy \u2013 przodem do kierunku rzutu. Ka\u017cdy z \u0107wicz\u0105cych oddaje tylko jeden rzut. O wyniku dru\u017cyny decyduje \u0142\u0105czna odleg\u0142o\u015b\u0107 wszystkich rzut\u00f3w.<\/p>\n\n\n\n<p>Stacja III \u2013 skok w dal z miejsca z odbicia obun\u00f3\u017c<\/p>\n\n\n\n<p>Opis \u0107wiczenia \u2013 ka\u017cdy z uczestnik\u00f3w wykonuje skok w dal z miejsca, z odbicia obun\u00f3\u017c. \u0106wicz\u0105cy na zaliczenie ma tylko jedn\u0105 pr\u00f3b\u0119. O klasyfikacji ko\u0144cowej decyduje odleg\u0142o\u015b\u0107 skoku jak\u0105 uzyska\u0142a ca\u0142a dru\u017cyna.<\/p>\n\n\n\n<p>Stacja IV \u2013 sk\u0142ony tu\u0142owia na czas (\u201ebrzuszki\u201d)<\/p>\n\n\n\n<p>Opis \u0107wiczenia \u2013 ka\u017cdy \u0107wicz\u0105cy z le\u017cenia ty\u0142em na materacu, nogi ugi\u0119te w stawach kolanowych pod k\u0105tem prostym, stopy w\u0142o\u017cone pod pierwszy szczebel drabinek, wykonuje sk\u0142ony tu\u0142owia w ci\u0105gu 30 s. O klasyfikacji ko\u0144cowej decyduje \u0142\u0105czna liczba wszystkich sk\u0142on\u00f3w jak\u0105 uzyska\u0142a ca\u0142a dru\u017cyna.<\/p>\n\n\n\n<p><strong>III.<\/strong>&nbsp;&nbsp;&nbsp;&nbsp;&nbsp; <strong><u>Klasy VII &#8211; VIII<\/u><\/strong><\/p>\n\n\n\n<p>&nbsp;Stacja I \u2013 bieg sprinterski 4 x 10 m z przenoszeniem woreczka<\/p>\n\n\n\n<p>Opis \u0107wiczenia \u2013 ka\u017cdy z uczestnik\u00f3w dru\u017cyny pokonuje odcinek 4 x 10 m&nbsp; (tam i z powrotem z przenoszeniem dw\u00f3ch woreczk\u00f3w \u2013 pr\u00f3ba z Mi\u0119dzynarodowego Testu Sprawno\u015bci Fizycznej). Bieg wykonywany jest na wyznaczonym odcinku 10 m. O klasyfikacji ko\u0144cowej decyduje czas ca\u0142ej dru\u017cyny.<\/p>\n\n\n\n<p>Stacja II \u2013 rzuty wolne (osobiste) w koszyk\u00f3wce<\/p>\n\n\n\n<p>Opis \u0107wiczenia \u2013 uczestnicy dru\u017cyny wykonuj\u0105 rzuty wolne w koszyk\u00f3wce (wysoko\u015b\u0107 kosza -3,05 m, odleg\u0142o\u015b\u0107 linii rzut\u00f3w wolnych \u2013 4,00 m). Ka\u017cdy uczestnik wykonuje po dwa rzuty wolne. O klasyfikacji ko\u0144cowej decyduje \u0142\u0105czna liczba celnych rzut\u00f3w do kosza, jak\u0105 uzyska\u0142a ca\u0142a dru\u017cyna.<\/p>\n\n\n\n<p>Stacja III \u2013 zwis na dr\u0105\u017cku, na&nbsp; czas<\/p>\n\n\n\n<p>Opis \u0107wiczenia \u2013 ka\u017cdy \u0107wicz\u0105cy wykonuje pr\u00f3b\u0119 zwisu na dr\u0105\u017cku (dr\u0105\u017cek zawieszony na drabinkach), dr\u0105\u017cek trzymany jest nachwytem, broda \u0107wicz\u0105cego znajduje si\u0119 nad dr\u0105\u017ckiem, ramiona ugi\u0119te, w czasie pr\u00f3by mo\u017cna dotyka\u0107 dr\u0105\u017cka tylko d\u0142o\u0144mi. Do klasyfikacji ko\u0144cowej bierzemy pod uwag\u0119 czas zwisu ca\u0142ej dru\u017cyny.<\/p>\n\n\n\n<p>Stacja IV \u2013 sk\u0142ony tu\u0142owia na czas (\u201ebrzuszki\u201d)<\/p>\n\n\n\n<p>Opis \u0107wiczenia \u2013 ka\u017cdy \u0107wicz\u0105cy z le\u017cenia ty\u0142em na materacu, nogi ugi\u0119te w stawach kolanowych pod k\u0105tem prostym, stopy w\u0142o\u017cone pod pierwszy szczebel drabinek, wykonuje sk\u0142ony tu\u0142owia w ci\u0105gu 30 s. O klasyfikacji ko\u0144cowej decyduje \u0142\u0105czna liczba wszystkich sk\u0142on\u00f3w jak\u0105 uzyska\u0142a ca\u0142a dru\u017cyna.<\/p>\n\n\n\n<p><a href=\"https:\/\/pgzarzecze.home.pl\/autoinstalator\/wordpressplugins\/dokumenty\/karta zg\u0142oszenia25.docx\" target=\"_blank\" rel=\"noreferrer noopener\"> Karta zg\u0142oszenia <\/a><\/p>\n\n\n\n<p><a href=\"https:\/\/pgzarzecze.home.pl\/autoinstalator\/wordpressplugins\/dokumenty\/zgoda rodzic\u00f3w25.docx\" target=\"_blank\" rel=\"noreferrer noopener\"> Zgoda rodzic\u00f3w <\/a><\/p>\n","protected":false},"excerpt":{"rendered":"<p>1.Cele: &#8211; integracja uczni\u00f3w i nauczycieli Rodziny Szk\u00f3\u0142 im. Jana Paw\u0142a II Diecezji Przemyskiej &#8211; wdra\u017canie do rywalizacji naukowo \u2013 sportowej &#8211; rywalizacja dzieci i wsp\u00f3\u0142zawodnictwo &#8211; dzielenie si\u0119 wiedz\u0105 interdyscyplinarn\u0105 w ramach podstawy programowej &#8211; promowanie aktywnego i zdrowego stylu \u017cycia 2. Organizator konkursu: Zesp\u00f3\u0142 Szk\u00f3\u0142 w Zarzeczu ul. \u015awi\u0119tego Jana Paw\u0142a II 7 [&hellip;]<\/p>\n","protected":false},"author":1,"featured_media":0,"parent":0,"menu_order":0,"comment_status":"closed","ping_status":"closed","template":"","meta":{"ngg_post_thumbnail":0},"yoast_head":"<!-- This site is optimized with the Yoast SEO plugin v16.9 - https:\/\/yoast.com\/wordpress\/plugins\/seo\/ -->\n<title>VII Konkurs Interdyscyplinarny Diecezjalnej Rodziny Szk\u00f3\u0142 im. Jana Paw\u0142a II Diecezji Przemyskiej - Zesp\u00f3\u0142 Szk\u00f3\u0142 w Zarzeczu<\/title>\n<meta name=\"robots\" content=\"index, follow, max-snippet:-1, max-image-preview:large, max-video-preview:-1\" \/>\n<link rel=\"canonical\" href=\"https:\/\/www.zszarzecze.pl\/?page_id=6235\" \/>\n<meta property=\"og:locale\" content=\"pl_PL\" \/>\n<meta property=\"og:type\" content=\"article\" \/>\n<meta property=\"og:title\" content=\"VII Konkurs Interdyscyplinarny Diecezjalnej Rodziny Szk\u00f3\u0142 im. Jana Paw\u0142a II Diecezji Przemyskiej - Zesp\u00f3\u0142 Szk\u00f3\u0142 w Zarzeczu\" \/>\n<meta property=\"og:description\" content=\"1.Cele: &#8211; integracja uczni\u00f3w i nauczycieli Rodziny Szk\u00f3\u0142 im. Jana Paw\u0142a II Diecezji Przemyskiej &#8211; wdra\u017canie do rywalizacji naukowo \u2013 sportowej &#8211; rywalizacja dzieci i wsp\u00f3\u0142zawodnictwo &#8211; dzielenie si\u0119 wiedz\u0105 interdyscyplinarn\u0105 w ramach podstawy programowej &#8211; promowanie aktywnego i zdrowego stylu \u017cycia 2. Organizator konkursu: Zesp\u00f3\u0142 Szk\u00f3\u0142 w Zarzeczu ul. \u015awi\u0119tego Jana Paw\u0142a II 7 [&hellip;]\" \/>\n<meta property=\"og:url\" content=\"https:\/\/www.zszarzecze.pl\/?page_id=6235\" \/>\n<meta property=\"og:site_name\" content=\"Zesp\u00f3\u0142 Szk\u00f3\u0142 w Zarzeczu\" \/>\n<meta property=\"article:modified_time\" content=\"2025-04-11T12:06:33+00:00\" \/>\n<meta name=\"twitter:card\" content=\"summary_large_image\" \/>\n<meta name=\"twitter:label1\" content=\"Szacowany czas czytania\" \/>\n\t<meta name=\"twitter:data1\" content=\"5 minut\" \/>\n<script type=\"application\/ld+json\" class=\"yoast-schema-graph\">{\"@context\":\"https:\/\/schema.org\",\"@graph\":[{\"@type\":\"WebSite\",\"@id\":\"https:\/\/www.zszarzecze.pl\/#website\",\"url\":\"https:\/\/www.zszarzecze.pl\/\",\"name\":\"Zesp\\u00f3\\u0142 Szk\\u00f3\\u0142 w Zarzeczu\",\"description\":\"\",\"potentialAction\":[{\"@type\":\"SearchAction\",\"target\":{\"@type\":\"EntryPoint\",\"urlTemplate\":\"https:\/\/www.zszarzecze.pl\/?s={search_term_string}\"},\"query-input\":\"required name=search_term_string\"}],\"inLanguage\":\"pl-PL\"},{\"@type\":\"WebPage\",\"@id\":\"https:\/\/www.zszarzecze.pl\/?page_id=6235#webpage\",\"url\":\"https:\/\/www.zszarzecze.pl\/?page_id=6235\",\"name\":\"VII Konkurs Interdyscyplinarny Diecezjalnej Rodziny Szk\\u00f3\\u0142 im. Jana Paw\\u0142a II Diecezji Przemyskiej - Zesp\\u00f3\\u0142 Szk\\u00f3\\u0142 w Zarzeczu\",\"isPartOf\":{\"@id\":\"https:\/\/www.zszarzecze.pl\/#website\"},\"datePublished\":\"2023-01-11T18:52:26+00:00\",\"dateModified\":\"2025-04-11T12:06:33+00:00\",\"breadcrumb\":{\"@id\":\"https:\/\/www.zszarzecze.pl\/?page_id=6235#breadcrumb\"},\"inLanguage\":\"pl-PL\",\"potentialAction\":[{\"@type\":\"ReadAction\",\"target\":[\"https:\/\/www.zszarzecze.pl\/?page_id=6235\"]}]},{\"@type\":\"BreadcrumbList\",\"@id\":\"https:\/\/www.zszarzecze.pl\/?page_id=6235#breadcrumb\",\"itemListElement\":[{\"@type\":\"ListItem\",\"position\":1,\"name\":\"Home\",\"item\":\"https:\/\/www.zszarzecze.pl\/\"},{\"@type\":\"ListItem\",\"position\":2,\"name\":\"VII Konkurs Interdyscyplinarny Diecezjalnej Rodziny Szk\\u00f3\\u0142 im. Jana Paw\\u0142a II Diecezji Przemyskiej\"}]}]}<\/script>\n<!-- \/ Yoast SEO plugin. -->","yoast_head_json":{"title":"VII Konkurs Interdyscyplinarny Diecezjalnej Rodziny Szk\u00f3\u0142 im. Jana Paw\u0142a II Diecezji Przemyskiej - Zesp\u00f3\u0142 Szk\u00f3\u0142 w Zarzeczu","robots":{"index":"index","follow":"follow","max-snippet":"max-snippet:-1","max-image-preview":"max-image-preview:large","max-video-preview":"max-video-preview:-1"},"canonical":"https:\/\/www.zszarzecze.pl\/?page_id=6235","og_locale":"pl_PL","og_type":"article","og_title":"VII Konkurs Interdyscyplinarny Diecezjalnej Rodziny Szk\u00f3\u0142 im. Jana Paw\u0142a II Diecezji Przemyskiej - Zesp\u00f3\u0142 Szk\u00f3\u0142 w Zarzeczu","og_description":"1.Cele: &#8211; integracja uczni\u00f3w i nauczycieli Rodziny Szk\u00f3\u0142 im. Jana Paw\u0142a II Diecezji Przemyskiej &#8211; wdra\u017canie do rywalizacji naukowo \u2013 sportowej &#8211; rywalizacja dzieci i wsp\u00f3\u0142zawodnictwo &#8211; dzielenie si\u0119 wiedz\u0105 interdyscyplinarn\u0105 w ramach podstawy programowej &#8211; promowanie aktywnego i zdrowego stylu \u017cycia 2. Organizator konkursu: Zesp\u00f3\u0142 Szk\u00f3\u0142 w Zarzeczu ul. \u015awi\u0119tego Jana Paw\u0142a II 7 [&hellip;]","og_url":"https:\/\/www.zszarzecze.pl\/?page_id=6235","og_site_name":"Zesp\u00f3\u0142 Szk\u00f3\u0142 w Zarzeczu","article_modified_time":"2025-04-11T12:06:33+00:00","twitter_card":"summary_large_image","twitter_misc":{"Szacowany czas czytania":"5 minut"},"schema":{"@context":"https:\/\/schema.org","@graph":[{"@type":"WebSite","@id":"https:\/\/www.zszarzecze.pl\/#website","url":"https:\/\/www.zszarzecze.pl\/","name":"Zesp\u00f3\u0142 Szk\u00f3\u0142 w Zarzeczu","description":"","potentialAction":[{"@type":"SearchAction","target":{"@type":"EntryPoint","urlTemplate":"https:\/\/www.zszarzecze.pl\/?s={search_term_string}"},"query-input":"required name=search_term_string"}],"inLanguage":"pl-PL"},{"@type":"WebPage","@id":"https:\/\/www.zszarzecze.pl\/?page_id=6235#webpage","url":"https:\/\/www.zszarzecze.pl\/?page_id=6235","name":"VII Konkurs Interdyscyplinarny Diecezjalnej Rodziny Szk\u00f3\u0142 im. Jana Paw\u0142a II Diecezji Przemyskiej - Zesp\u00f3\u0142 Szk\u00f3\u0142 w Zarzeczu","isPartOf":{"@id":"https:\/\/www.zszarzecze.pl\/#website"},"datePublished":"2023-01-11T18:52:26+00:00","dateModified":"2025-04-11T12:06:33+00:00","breadcrumb":{"@id":"https:\/\/www.zszarzecze.pl\/?page_id=6235#breadcrumb"},"inLanguage":"pl-PL","potentialAction":[{"@type":"ReadAction","target":["https:\/\/www.zszarzecze.pl\/?page_id=6235"]}]},{"@type":"BreadcrumbList","@id":"https:\/\/www.zszarzecze.pl\/?page_id=6235#breadcrumb","itemListElement":[{"@type":"ListItem","position":1,"name":"Home","item":"https:\/\/www.zszarzecze.pl\/"},{"@type":"ListItem","position":2,"name":"VII Konkurs Interdyscyplinarny Diecezjalnej Rodziny Szk\u00f3\u0142 im. Jana Paw\u0142a II Diecezji Przemyskiej"}]}]}},"_links":{"self":[{"href":"https:\/\/www.zszarzecze.pl\/index.php?rest_route=\/wp\/v2\/pages\/6235"}],"collection":[{"href":"https:\/\/www.zszarzecze.pl\/index.php?rest_route=\/wp\/v2\/pages"}],"about":[{"href":"https:\/\/www.zszarzecze.pl\/index.php?rest_route=\/wp\/v2\/types\/page"}],"author":[{"embeddable":true,"href":"https:\/\/www.zszarzecze.pl\/index.php?rest_route=\/wp\/v2\/users\/1"}],"replies":[{"embeddable":true,"href":"https:\/\/www.zszarzecze.pl\/index.php?rest_route=%2Fwp%2Fv2%2Fcomments&post=6235"}],"version-history":[{"count":14,"href":"https:\/\/www.zszarzecze.pl\/index.php?rest_route=\/wp\/v2\/pages\/6235\/revisions"}],"predecessor-version":[{"id":12659,"href":"https:\/\/www.zszarzecze.pl\/index.php?rest_route=\/wp\/v2\/pages\/6235\/revisions\/12659"}],"wp:attachment":[{"href":"https:\/\/www.zszarzecze.pl\/index.php?rest_route=%2Fwp%2Fv2%2Fmedia&parent=6235"}],"curies":[{"name":"wp","href":"https:\/\/api.w.org\/{rel}","templated":true}]}}