{"id":4930,"date":"2022-09-30T17:26:00","date_gmt":"2022-09-30T15:26:00","guid":{"rendered":"https:\/\/www.zszarzecze.pl\/?page_id=4930"},"modified":"2025-10-02T14:33:11","modified_gmt":"2025-10-02T12:33:11","slug":"przywozy-odwozy-uczniow","status":"publish","type":"page","link":"https:\/\/www.zszarzecze.pl\/?page_id=4930","title":{"rendered":"Przywozy\/odwozy uczni\u00f3w w roku szkolnym 2025\/26"},"content":{"rendered":"\n<p class=\"has-large-font-size\"><a href=\"https:\/\/pgzarzecze.home.pl\/autoinstalator\/wordpressplugins\/dokumenty\/nowe odwozy 25.docx\">Plan odwoz\u00f3w uczni\u00f3w <\/a><\/p>\n\n\n\n<div class=\"wp-block-image\"><figure class=\"aligncenter size-full is-resized\"><a href=\"https:\/\/pgzarzecze.home.pl\/autoinstalator\/wordpressplugins\/dokumenty\/nowe odwozy 25.docx\"><img loading=\"lazy\" src=\"https:\/\/www.zszarzecze.pl\/wp-content\/uploads\/2025\/10\/plakat-odwozy.jpg\" alt=\"\" class=\"wp-image-13740\" width=\"713\" height=\"474\" srcset=\"https:\/\/www.zszarzecze.pl\/wp-content\/uploads\/2025\/10\/plakat-odwozy.jpg 1000w, https:\/\/www.zszarzecze.pl\/wp-content\/uploads\/2025\/10\/plakat-odwozy-300x200.jpg 300w, https:\/\/www.zszarzecze.pl\/wp-content\/uploads\/2025\/10\/plakat-odwozy-768x511.jpg 768w\" sizes=\"(max-width: 713px) 100vw, 713px\" \/><\/a><\/figure><\/div>\n\n\n\n<p><\/p>\n\n\n\n<p><\/p>\n\n\n\n<div class=\"wp-block-image\"><figure class=\"aligncenter size-full is-resized\"><img loading=\"lazy\" src=\"https:\/\/www.zszarzecze.pl\/wp-content\/uploads\/2025\/08\/harmonogram.jpg\" alt=\"\" class=\"wp-image-13545\" width=\"672\" height=\"951\" srcset=\"https:\/\/www.zszarzecze.pl\/wp-content\/uploads\/2025\/08\/harmonogram.jpg 509w, https:\/\/www.zszarzecze.pl\/wp-content\/uploads\/2025\/08\/harmonogram-212x300.jpg 212w\" sizes=\"(max-width: 672px) 100vw, 672px\" \/><\/figure><\/div>\n","protected":false},"excerpt":{"rendered":"<p>Plan odwoz\u00f3w uczni\u00f3w<\/p>\n","protected":false},"author":1,"featured_media":0,"parent":0,"menu_order":0,"comment_status":"closed","ping_status":"closed","template":"","meta":{"ngg_post_thumbnail":0},"yoast_head":"<!-- This site is optimized with the Yoast SEO plugin v16.9 - https:\/\/yoast.com\/wordpress\/plugins\/seo\/ -->\n<title>Przywozy\/odwozy uczni\u00f3w w roku szkolnym 2025\/26 - Zesp\u00f3\u0142 Szk\u00f3\u0142 w Zarzeczu<\/title>\n<meta name=\"robots\" content=\"index, follow, max-snippet:-1, max-image-preview:large, max-video-preview:-1\" \/>\n<link rel=\"canonical\" href=\"https:\/\/www.zszarzecze.pl\/?page_id=4930\" \/>\n<meta property=\"og:locale\" content=\"pl_PL\" \/>\n<meta property=\"og:type\" content=\"article\" \/>\n<meta property=\"og:title\" content=\"Przywozy\/odwozy uczni\u00f3w w roku szkolnym 2025\/26 - Zesp\u00f3\u0142 Szk\u00f3\u0142 w Zarzeczu\" \/>\n<meta property=\"og:description\" content=\"Plan odwoz\u00f3w uczni\u00f3w\" \/>\n<meta property=\"og:url\" content=\"https:\/\/www.zszarzecze.pl\/?page_id=4930\" \/>\n<meta property=\"og:site_name\" content=\"Zesp\u00f3\u0142 Szk\u00f3\u0142 w Zarzeczu\" \/>\n<meta property=\"article:modified_time\" content=\"2025-10-02T12:33:11+00:00\" \/>\n<meta property=\"og:image\" content=\"https:\/\/www.zszarzecze.pl\/wp-content\/uploads\/2025\/10\/plakat-odwozy.jpg\" \/>\n<meta name=\"twitter:card\" content=\"summary_large_image\" \/>\n<meta name=\"twitter:label1\" content=\"Szacowany czas czytania\" \/>\n\t<meta name=\"twitter:data1\" content=\"1 minuta\" \/>\n<script type=\"application\/ld+json\" class=\"yoast-schema-graph\">{\"@context\":\"https:\/\/schema.org\",\"@graph\":[{\"@type\":\"WebSite\",\"@id\":\"https:\/\/www.zszarzecze.pl\/#website\",\"url\":\"https:\/\/www.zszarzecze.pl\/\",\"name\":\"Zesp\\u00f3\\u0142 Szk\\u00f3\\u0142 w Zarzeczu\",\"description\":\"\",\"potentialAction\":[{\"@type\":\"SearchAction\",\"target\":{\"@type\":\"EntryPoint\",\"urlTemplate\":\"https:\/\/www.zszarzecze.pl\/?s={search_term_string}\"},\"query-input\":\"required name=search_term_string\"}],\"inLanguage\":\"pl-PL\"},{\"@type\":\"ImageObject\",\"@id\":\"https:\/\/www.zszarzecze.pl\/?page_id=4930#primaryimage\",\"inLanguage\":\"pl-PL\",\"url\":\"https:\/\/www.zszarzecze.pl\/wp-content\/uploads\/2025\/10\/plakat-odwozy.jpg\",\"contentUrl\":\"https:\/\/www.zszarzecze.pl\/wp-content\/uploads\/2025\/10\/plakat-odwozy.jpg\",\"width\":1000,\"height\":666},{\"@type\":\"WebPage\",\"@id\":\"https:\/\/www.zszarzecze.pl\/?page_id=4930#webpage\",\"url\":\"https:\/\/www.zszarzecze.pl\/?page_id=4930\",\"name\":\"Przywozy\/odwozy uczni\\u00f3w w roku szkolnym 2025\/26 - Zesp\\u00f3\\u0142 Szk\\u00f3\\u0142 w Zarzeczu\",\"isPartOf\":{\"@id\":\"https:\/\/www.zszarzecze.pl\/#website\"},\"primaryImageOfPage\":{\"@id\":\"https:\/\/www.zszarzecze.pl\/?page_id=4930#primaryimage\"},\"datePublished\":\"2022-09-30T15:26:00+00:00\",\"dateModified\":\"2025-10-02T12:33:11+00:00\",\"breadcrumb\":{\"@id\":\"https:\/\/www.zszarzecze.pl\/?page_id=4930#breadcrumb\"},\"inLanguage\":\"pl-PL\",\"potentialAction\":[{\"@type\":\"ReadAction\",\"target\":[\"https:\/\/www.zszarzecze.pl\/?page_id=4930\"]}]},{\"@type\":\"BreadcrumbList\",\"@id\":\"https:\/\/www.zszarzecze.pl\/?page_id=4930#breadcrumb\",\"itemListElement\":[{\"@type\":\"ListItem\",\"position\":1,\"name\":\"Home\",\"item\":\"https:\/\/www.zszarzecze.pl\/\"},{\"@type\":\"ListItem\",\"position\":2,\"name\":\"Przywozy\/odwozy uczni\\u00f3w w roku szkolnym 2025\/26\"}]}]}<\/script>\n<!-- \/ Yoast SEO plugin. -->","yoast_head_json":{"title":"Przywozy\/odwozy uczni\u00f3w w roku szkolnym 2025\/26 - Zesp\u00f3\u0142 Szk\u00f3\u0142 w Zarzeczu","robots":{"index":"index","follow":"follow","max-snippet":"max-snippet:-1","max-image-preview":"max-image-preview:large","max-video-preview":"max-video-preview:-1"},"canonical":"https:\/\/www.zszarzecze.pl\/?page_id=4930","og_locale":"pl_PL","og_type":"article","og_title":"Przywozy\/odwozy uczni\u00f3w w roku szkolnym 2025\/26 - Zesp\u00f3\u0142 Szk\u00f3\u0142 w Zarzeczu","og_description":"Plan odwoz\u00f3w uczni\u00f3w","og_url":"https:\/\/www.zszarzecze.pl\/?page_id=4930","og_site_name":"Zesp\u00f3\u0142 Szk\u00f3\u0142 w Zarzeczu","article_modified_time":"2025-10-02T12:33:11+00:00","og_image":[{"url":"https:\/\/www.zszarzecze.pl\/wp-content\/uploads\/2025\/10\/plakat-odwozy.jpg"}],"twitter_card":"summary_large_image","twitter_misc":{"Szacowany czas czytania":"1 minuta"},"schema":{"@context":"https:\/\/schema.org","@graph":[{"@type":"WebSite","@id":"https:\/\/www.zszarzecze.pl\/#website","url":"https:\/\/www.zszarzecze.pl\/","name":"Zesp\u00f3\u0142 Szk\u00f3\u0142 w Zarzeczu","description":"","potentialAction":[{"@type":"SearchAction","target":{"@type":"EntryPoint","urlTemplate":"https:\/\/www.zszarzecze.pl\/?s={search_term_string}"},"query-input":"required name=search_term_string"}],"inLanguage":"pl-PL"},{"@type":"ImageObject","@id":"https:\/\/www.zszarzecze.pl\/?page_id=4930#primaryimage","inLanguage":"pl-PL","url":"https:\/\/www.zszarzecze.pl\/wp-content\/uploads\/2025\/10\/plakat-odwozy.jpg","contentUrl":"https:\/\/www.zszarzecze.pl\/wp-content\/uploads\/2025\/10\/plakat-odwozy.jpg","width":1000,"height":666},{"@type":"WebPage","@id":"https:\/\/www.zszarzecze.pl\/?page_id=4930#webpage","url":"https:\/\/www.zszarzecze.pl\/?page_id=4930","name":"Przywozy\/odwozy uczni\u00f3w w roku szkolnym 2025\/26 - Zesp\u00f3\u0142 Szk\u00f3\u0142 w Zarzeczu","isPartOf":{"@id":"https:\/\/www.zszarzecze.pl\/#website"},"primaryImageOfPage":{"@id":"https:\/\/www.zszarzecze.pl\/?page_id=4930#primaryimage"},"datePublished":"2022-09-30T15:26:00+00:00","dateModified":"2025-10-02T12:33:11+00:00","breadcrumb":{"@id":"https:\/\/www.zszarzecze.pl\/?page_id=4930#breadcrumb"},"inLanguage":"pl-PL","potentialAction":[{"@type":"ReadAction","target":["https:\/\/www.zszarzecze.pl\/?page_id=4930"]}]},{"@type":"BreadcrumbList","@id":"https:\/\/www.zszarzecze.pl\/?page_id=4930#breadcrumb","itemListElement":[{"@type":"ListItem","position":1,"name":"Home","item":"https:\/\/www.zszarzecze.pl\/"},{"@type":"ListItem","position":2,"name":"Przywozy\/odwozy uczni\u00f3w w roku szkolnym 2025\/26"}]}]}},"_links":{"self":[{"href":"https:\/\/www.zszarzecze.pl\/index.php?rest_route=\/wp\/v2\/pages\/4930"}],"collection":[{"href":"https:\/\/www.zszarzecze.pl\/index.php?rest_route=\/wp\/v2\/pages"}],"about":[{"href":"https:\/\/www.zszarzecze.pl\/index.php?rest_route=\/wp\/v2\/types\/page"}],"author":[{"embeddable":true,"href":"https:\/\/www.zszarzecze.pl\/index.php?rest_route=\/wp\/v2\/users\/1"}],"replies":[{"embeddable":true,"href":"https:\/\/www.zszarzecze.pl\/index.php?rest_route=%2Fwp%2Fv2%2Fcomments&post=4930"}],"version-history":[{"count":14,"href":"https:\/\/www.zszarzecze.pl\/index.php?rest_route=\/wp\/v2\/pages\/4930\/revisions"}],"predecessor-version":[{"id":13748,"href":"https:\/\/www.zszarzecze.pl\/index.php?rest_route=\/wp\/v2\/pages\/4930\/revisions\/13748"}],"wp:attachment":[{"href":"https:\/\/www.zszarzecze.pl\/index.php?rest_route=%2Fwp%2Fv2%2Fmedia&parent=4930"}],"curies":[{"name":"wp","href":"https:\/\/api.w.org\/{rel}","templated":true}]}}