{"id":250,"date":"2020-07-16T19:37:55","date_gmt":"2020-07-16T17:37:55","guid":{"rendered":"https:\/\/pgzarzecze.home.pl\/autoinstalator\/wordpressplugins\/?page_id=250"},"modified":"2026-03-16T22:57:38","modified_gmt":"2026-03-16T21:57:38","slug":"rekrutacja","status":"publish","type":"page","link":"https:\/\/www.zszarzecze.pl\/?page_id=250","title":{"rendered":"Rekrutacja"},"content":{"rendered":"\n<p class=\"has-text-align-center has-medium-font-size\"><strong>Wyniki rekrutacji na rok szkolny 2026\/2027<\/strong><\/p>\n\n\n\n<p><a href=\"https:\/\/pgzarzecze.home.pl\/autoinstalator\/wordpressplugins\/dokumenty\/Protok\u00f3\u0142 z rekrutacji do klasy 1.pdf\">Protok\u00f3\u0142 z rekrutacji do klasy pierwszej<\/a><\/p>\n\n\n\n<p><a href=\"https:\/\/pgzarzecze.home.pl\/autoinstalator\/wordpressplugins\/dokumenty\/Protok\u00f3\u0142 z rekrutacji do odzia\u0142\u00f3w  przedszkolnych.pdf\">Protok\u00f3\u0142 z rekrutacji do oddzia\u0142\u00f3w przedszkolnych (zer\u00f3wka)<\/a><\/p>\n\n\n\n<p><a href=\"https:\/\/pgzarzecze.home.pl\/autoinstalator\/wordpressplugins\/dokumenty\/Protok\u00f3\u0142 z rekrutacji do przedszkola.pdf\">Protok\u00f3\u0142 z rekrutacji do przedszkola <\/a><\/p>\n\n\n\n<hr class=\"wp-block-separator\"\/>\n\n\n\n<p class=\"has-text-align-center has-medium-font-size\"><strong>Rekrutacja 2026\/202<\/strong>7<\/p>\n\n\n\n<p><a href=\"https:\/\/pgzarzecze.home.pl\/autoinstalator\/wordpressplugins\/dokumenty\/zarz26.pdf\" target=\"_blank\" rel=\"noreferrer noopener\">Zarz\u0105dzenie W\u00f3jta Gminy Zarzecze w sprawie okre\u015blenia termin\u00f3w post\u0119powania rekrutacyjnego i uzupe\u0142niaj\u0105cego do publicznego przedszkola, oddzia\u0142\u00f3w przedszkolnych w publicznych szko\u0142ach podstawowych i klas I publicznych szk\u00f3\u0142 podstawowych prowadzonych przez Gmin\u0119 Zarzecze.<\/a>&nbsp;<\/p>\n\n\n\n<p class=\"has-normal-font-size\">Dokumenty do pobrania poni\u017cej:<\/p>\n\n\n\n<p><a href=\"https:\/\/pgzarzecze.home.pl\/autoinstalator\/wordpressplugins\/dokumenty\/przedszkole 26.doc\" target=\"_blank\" rel=\"noreferrer noopener\">Karta zg\u0142oszenia dziecka do przedszkola. Za\u0142\u0105czniki nr 1, 2 i 3 do karty zg\u0142oszenia do przedszkola oraz potwierdzenie woli<\/a><\/p>\n\n\n\n<p><a href=\"https:\/\/pgzarzecze.home.pl\/autoinstalator\/wordpressplugins\/dokumenty\/zer\u00f3wka 26.doc\" target=\"_blank\" rel=\"noreferrer noopener\">Karta zg\u0142oszenia dziecka do oddzia\u0142u przedszkolnego &#8211; zer\u00f3wka <\/a><\/p>\n\n\n\n<p><a href=\"https:\/\/pgzarzecze.home.pl\/autoinstalator\/wordpressplugins\/dokumenty\/klasa1 26.docx\" target=\"_blank\" rel=\"noreferrer noopener\">Karta zg\u0142oszenia dziecka do klasy I szko\u0142y podstawowej.<\/a><\/p>\n\n\n\n<p><a href=\"https:\/\/pgzarzecze.home.pl\/autoinstalator\/wordpressplugins\/dokumenty\/Informacja o przetwarzaniu danych osobowych 26.docx\" target=\"_blank\" rel=\"noreferrer noopener\">Informacja o przetwarzaniu danych osobowych<\/a><\/p>\n\n\n\n<hr class=\"wp-block-separator is-style-wide\"\/>\n\n\n\n<hr class=\"wp-block-separator is-style-wide\"\/>\n\n\n\n<p><\/p>\n","protected":false},"excerpt":{"rendered":"<p>Wyniki rekrutacji na rok szkolny 2026\/2027 Protok\u00f3\u0142 z rekrutacji do klasy pierwszej Protok\u00f3\u0142 z rekrutacji do oddzia\u0142\u00f3w przedszkolnych (zer\u00f3wka) Protok\u00f3\u0142 z rekrutacji do przedszkola Rekrutacja 2026\/2027 Zarz\u0105dzenie W\u00f3jta Gminy Zarzecze w sprawie okre\u015blenia termin\u00f3w post\u0119powania rekrutacyjnego i uzupe\u0142niaj\u0105cego do publicznego przedszkola, oddzia\u0142\u00f3w przedszkolnych w publicznych szko\u0142ach podstawowych i klas I publicznych szk\u00f3\u0142 podstawowych prowadzonych przez [&hellip;]<\/p>\n","protected":false},"author":1,"featured_media":0,"parent":0,"menu_order":0,"comment_status":"closed","ping_status":"closed","template":"","meta":{"ngg_post_thumbnail":0},"yoast_head":"<!-- This site is optimized with the Yoast SEO plugin v16.9 - https:\/\/yoast.com\/wordpress\/plugins\/seo\/ -->\n<title>Rekrutacja - Zesp\u00f3\u0142 Szk\u00f3\u0142 w Zarzeczu<\/title>\n<meta name=\"robots\" content=\"index, follow, max-snippet:-1, max-image-preview:large, max-video-preview:-1\" \/>\n<link rel=\"canonical\" href=\"https:\/\/www.zszarzecze.pl\/?page_id=250\" \/>\n<meta property=\"og:locale\" content=\"pl_PL\" \/>\n<meta property=\"og:type\" content=\"article\" \/>\n<meta property=\"og:title\" content=\"Rekrutacja - Zesp\u00f3\u0142 Szk\u00f3\u0142 w Zarzeczu\" \/>\n<meta property=\"og:description\" content=\"Wyniki rekrutacji na rok szkolny 2026\/2027 Protok\u00f3\u0142 z rekrutacji do klasy pierwszej Protok\u00f3\u0142 z rekrutacji do oddzia\u0142\u00f3w przedszkolnych (zer\u00f3wka) Protok\u00f3\u0142 z rekrutacji do przedszkola Rekrutacja 2026\/2027 Zarz\u0105dzenie W\u00f3jta Gminy Zarzecze w sprawie okre\u015blenia termin\u00f3w post\u0119powania rekrutacyjnego i uzupe\u0142niaj\u0105cego do publicznego przedszkola, oddzia\u0142\u00f3w przedszkolnych w publicznych szko\u0142ach podstawowych i klas I publicznych szk\u00f3\u0142 podstawowych prowadzonych przez [&hellip;]\" \/>\n<meta property=\"og:url\" content=\"https:\/\/www.zszarzecze.pl\/?page_id=250\" \/>\n<meta property=\"og:site_name\" content=\"Zesp\u00f3\u0142 Szk\u00f3\u0142 w Zarzeczu\" \/>\n<meta property=\"article:modified_time\" content=\"2026-03-16T21:57:38+00:00\" \/>\n<meta name=\"twitter:card\" content=\"summary_large_image\" \/>\n<meta name=\"twitter:label1\" content=\"Szacowany czas czytania\" \/>\n\t<meta name=\"twitter:data1\" content=\"1 minuta\" \/>\n<script type=\"application\/ld+json\" class=\"yoast-schema-graph\">{\"@context\":\"https:\/\/schema.org\",\"@graph\":[{\"@type\":\"WebSite\",\"@id\":\"https:\/\/www.zszarzecze.pl\/#website\",\"url\":\"https:\/\/www.zszarzecze.pl\/\",\"name\":\"Zesp\\u00f3\\u0142 Szk\\u00f3\\u0142 w Zarzeczu\",\"description\":\"\",\"potentialAction\":[{\"@type\":\"SearchAction\",\"target\":{\"@type\":\"EntryPoint\",\"urlTemplate\":\"https:\/\/www.zszarzecze.pl\/?s={search_term_string}\"},\"query-input\":\"required name=search_term_string\"}],\"inLanguage\":\"pl-PL\"},{\"@type\":\"WebPage\",\"@id\":\"https:\/\/www.zszarzecze.pl\/?page_id=250#webpage\",\"url\":\"https:\/\/www.zszarzecze.pl\/?page_id=250\",\"name\":\"Rekrutacja - Zesp\\u00f3\\u0142 Szk\\u00f3\\u0142 w Zarzeczu\",\"isPartOf\":{\"@id\":\"https:\/\/www.zszarzecze.pl\/#website\"},\"datePublished\":\"2020-07-16T17:37:55+00:00\",\"dateModified\":\"2026-03-16T21:57:38+00:00\",\"breadcrumb\":{\"@id\":\"https:\/\/www.zszarzecze.pl\/?page_id=250#breadcrumb\"},\"inLanguage\":\"pl-PL\",\"potentialAction\":[{\"@type\":\"ReadAction\",\"target\":[\"https:\/\/www.zszarzecze.pl\/?page_id=250\"]}]},{\"@type\":\"BreadcrumbList\",\"@id\":\"https:\/\/www.zszarzecze.pl\/?page_id=250#breadcrumb\",\"itemListElement\":[{\"@type\":\"ListItem\",\"position\":1,\"name\":\"Home\",\"item\":\"https:\/\/www.zszarzecze.pl\/\"},{\"@type\":\"ListItem\",\"position\":2,\"name\":\"Rekrutacja\"}]}]}<\/script>\n<!-- \/ Yoast SEO plugin. -->","yoast_head_json":{"title":"Rekrutacja - Zesp\u00f3\u0142 Szk\u00f3\u0142 w Zarzeczu","robots":{"index":"index","follow":"follow","max-snippet":"max-snippet:-1","max-image-preview":"max-image-preview:large","max-video-preview":"max-video-preview:-1"},"canonical":"https:\/\/www.zszarzecze.pl\/?page_id=250","og_locale":"pl_PL","og_type":"article","og_title":"Rekrutacja - Zesp\u00f3\u0142 Szk\u00f3\u0142 w Zarzeczu","og_description":"Wyniki rekrutacji na rok szkolny 2026\/2027 Protok\u00f3\u0142 z rekrutacji do klasy pierwszej Protok\u00f3\u0142 z rekrutacji do oddzia\u0142\u00f3w przedszkolnych (zer\u00f3wka) Protok\u00f3\u0142 z rekrutacji do przedszkola Rekrutacja 2026\/2027 Zarz\u0105dzenie W\u00f3jta Gminy Zarzecze w sprawie okre\u015blenia termin\u00f3w post\u0119powania rekrutacyjnego i uzupe\u0142niaj\u0105cego do publicznego przedszkola, oddzia\u0142\u00f3w przedszkolnych w publicznych szko\u0142ach podstawowych i klas I publicznych szk\u00f3\u0142 podstawowych prowadzonych przez [&hellip;]","og_url":"https:\/\/www.zszarzecze.pl\/?page_id=250","og_site_name":"Zesp\u00f3\u0142 Szk\u00f3\u0142 w Zarzeczu","article_modified_time":"2026-03-16T21:57:38+00:00","twitter_card":"summary_large_image","twitter_misc":{"Szacowany czas czytania":"1 minuta"},"schema":{"@context":"https:\/\/schema.org","@graph":[{"@type":"WebSite","@id":"https:\/\/www.zszarzecze.pl\/#website","url":"https:\/\/www.zszarzecze.pl\/","name":"Zesp\u00f3\u0142 Szk\u00f3\u0142 w Zarzeczu","description":"","potentialAction":[{"@type":"SearchAction","target":{"@type":"EntryPoint","urlTemplate":"https:\/\/www.zszarzecze.pl\/?s={search_term_string}"},"query-input":"required name=search_term_string"}],"inLanguage":"pl-PL"},{"@type":"WebPage","@id":"https:\/\/www.zszarzecze.pl\/?page_id=250#webpage","url":"https:\/\/www.zszarzecze.pl\/?page_id=250","name":"Rekrutacja - Zesp\u00f3\u0142 Szk\u00f3\u0142 w Zarzeczu","isPartOf":{"@id":"https:\/\/www.zszarzecze.pl\/#website"},"datePublished":"2020-07-16T17:37:55+00:00","dateModified":"2026-03-16T21:57:38+00:00","breadcrumb":{"@id":"https:\/\/www.zszarzecze.pl\/?page_id=250#breadcrumb"},"inLanguage":"pl-PL","potentialAction":[{"@type":"ReadAction","target":["https:\/\/www.zszarzecze.pl\/?page_id=250"]}]},{"@type":"BreadcrumbList","@id":"https:\/\/www.zszarzecze.pl\/?page_id=250#breadcrumb","itemListElement":[{"@type":"ListItem","position":1,"name":"Home","item":"https:\/\/www.zszarzecze.pl\/"},{"@type":"ListItem","position":2,"name":"Rekrutacja"}]}]}},"_links":{"self":[{"href":"https:\/\/www.zszarzecze.pl\/index.php?rest_route=\/wp\/v2\/pages\/250"}],"collection":[{"href":"https:\/\/www.zszarzecze.pl\/index.php?rest_route=\/wp\/v2\/pages"}],"about":[{"href":"https:\/\/www.zszarzecze.pl\/index.php?rest_route=\/wp\/v2\/types\/page"}],"author":[{"embeddable":true,"href":"https:\/\/www.zszarzecze.pl\/index.php?rest_route=\/wp\/v2\/users\/1"}],"replies":[{"embeddable":true,"href":"https:\/\/www.zszarzecze.pl\/index.php?rest_route=%2Fwp%2Fv2%2Fcomments&post=250"}],"version-history":[{"count":59,"href":"https:\/\/www.zszarzecze.pl\/index.php?rest_route=\/wp\/v2\/pages\/250\/revisions"}],"predecessor-version":[{"id":15031,"href":"https:\/\/www.zszarzecze.pl\/index.php?rest_route=\/wp\/v2\/pages\/250\/revisions\/15031"}],"wp:attachment":[{"href":"https:\/\/www.zszarzecze.pl\/index.php?rest_route=%2Fwp%2Fv2%2Fmedia&parent=250"}],"curies":[{"name":"wp","href":"https:\/\/api.w.org\/{rel}","templated":true}]}}