{"id":230,"date":"2020-07-16T19:23:22","date_gmt":"2020-07-16T17:23:22","guid":{"rendered":"https:\/\/pgzarzecze.home.pl\/autoinstalator\/wordpressplugins\/?page_id=230"},"modified":"2020-07-16T19:23:24","modified_gmt":"2020-07-16T17:23:24","slug":"hymn","status":"publish","type":"page","link":"https:\/\/www.zszarzecze.pl\/?page_id=230","title":{"rendered":"Hymn"},"content":{"rendered":"\n<div class=\"wp-block-group\"><div class=\"wp-block-group__inner-container\">\n<p class=\"has-text-align-center\">Hymn Szko\u0142y Podstawowej im. Jana Paw\u0142a II w Zarzeczu<\/p>\n\n\n\n<p class=\"has-text-align-center\">&nbsp;Nasza gromka pie\u015b\u0144 Ojcze \u015awi\u0119ty<\/p>\n\n\n\n<p class=\"has-text-align-center\">Przekazuje tre\u015b\u0107 donios\u0142\u0105, co tu kry\u0107.<\/p>\n\n\n\n<p class=\"has-text-align-center\">Bo my chcemy post\u0119powa\u0107 wed\u0142ug has\u0142a:<\/p>\n\n\n\n<p class=\"has-text-align-center\">Jak uczciwie i m\u0105drze \u017cy\u0107<\/p>\n\n\n\n<p class=\"has-text-align-center\"><em>Ref: Ojcze \u015awi\u0119ty nasz patronie<\/em><\/p>\n\n\n\n<p class=\"has-text-align-center\"><em>Hymn ten niechaj zabrzmi na cze\u015b\u0107 Tobie<\/em><\/p>\n\n\n\n<p class=\"has-text-align-center\"><em>Ty nas wspieraj i pomagaj<\/em><\/p>\n\n\n\n<p class=\"has-text-align-center\"><em>By\u015bmy godnie wype\u0142niali szkolne prawa<\/em><\/p>\n\n\n\n<p class=\"has-text-align-center\"><em>A Prawda, \u017bycie, Mi\u0142o\u015b\u0107 i B\u00f3g<\/em><\/p>\n\n\n\n<p class=\"has-text-align-center\"><em>Niechaj pokonaj\u0105 ka\u017cdy w \u017cyciu trud<\/em><\/p>\n\n\n\n<p class=\"has-text-align-center\">My uczciwie zrobimy wiele,<\/p>\n\n\n\n<p class=\"has-text-align-center\">By w szkole osi\u0105gn\u0105\u0107 szczytne cele,<\/p>\n\n\n\n<p class=\"has-text-align-center\">By nasza praca nie posz\u0142a na marne.<\/p>\n\n\n\n<p class=\"has-text-align-center\">Ale ty b\u0105d\u017a nam wzorem w ka\u017cdej sprawie<\/p>\n\n\n\n<p class=\"has-text-align-center\"><em>Ref:&nbsp;<\/em>&nbsp; &nbsp; &nbsp; &nbsp; &nbsp; &nbsp; &nbsp; &nbsp; &nbsp; &nbsp; &nbsp; &nbsp; &nbsp; &nbsp; &nbsp; &nbsp; &nbsp; &nbsp;<\/p>\n<\/div><\/div>\n","protected":false},"excerpt":{"rendered":"<p>Hymn Szko\u0142y Podstawowej im. Jana Paw\u0142a II w Zarzeczu &nbsp;Nasza gromka pie\u015b\u0144 Ojcze \u015awi\u0119ty Przekazuje tre\u015b\u0107 donios\u0142\u0105, co tu kry\u0107. Bo my chcemy post\u0119powa\u0107 wed\u0142ug has\u0142a: Jak uczciwie i m\u0105drze \u017cy\u0107 Ref: Ojcze \u015awi\u0119ty nasz patronie Hymn ten niechaj zabrzmi na cze\u015b\u0107 Tobie Ty nas wspieraj i pomagaj By\u015bmy godnie wype\u0142niali szkolne prawa A Prawda, [&hellip;]<\/p>\n","protected":false},"author":1,"featured_media":0,"parent":0,"menu_order":0,"comment_status":"closed","ping_status":"closed","template":"","meta":{"ngg_post_thumbnail":0},"yoast_head":"<!-- This site is optimized with the Yoast SEO plugin v16.9 - https:\/\/yoast.com\/wordpress\/plugins\/seo\/ -->\n<title>Hymn - Zesp\u00f3\u0142 Szk\u00f3\u0142 w Zarzeczu<\/title>\n<meta name=\"robots\" content=\"index, follow, max-snippet:-1, max-image-preview:large, max-video-preview:-1\" \/>\n<link rel=\"canonical\" href=\"https:\/\/pgzarzecze.home.pl\/autoinstalator\/wordpressplugins\/?page_id=230\" \/>\n<meta property=\"og:locale\" content=\"pl_PL\" \/>\n<meta property=\"og:type\" content=\"article\" \/>\n<meta property=\"og:title\" content=\"Hymn - Zesp\u00f3\u0142 Szk\u00f3\u0142 w Zarzeczu\" \/>\n<meta property=\"og:description\" content=\"Hymn Szko\u0142y Podstawowej im. Jana Paw\u0142a II w Zarzeczu &nbsp;Nasza gromka pie\u015b\u0144 Ojcze \u015awi\u0119ty Przekazuje tre\u015b\u0107 donios\u0142\u0105, co tu kry\u0107. Bo my chcemy post\u0119powa\u0107 wed\u0142ug has\u0142a: Jak uczciwie i m\u0105drze \u017cy\u0107 Ref: Ojcze \u015awi\u0119ty nasz patronie Hymn ten niechaj zabrzmi na cze\u015b\u0107 Tobie Ty nas wspieraj i pomagaj By\u015bmy godnie wype\u0142niali szkolne prawa A Prawda, [&hellip;]\" \/>\n<meta property=\"og:url\" content=\"https:\/\/pgzarzecze.home.pl\/autoinstalator\/wordpressplugins\/?page_id=230\" \/>\n<meta property=\"og:site_name\" content=\"Zesp\u00f3\u0142 Szk\u00f3\u0142 w Zarzeczu\" \/>\n<meta property=\"article:modified_time\" content=\"2020-07-16T17:23:24+00:00\" \/>\n<meta name=\"twitter:card\" content=\"summary_large_image\" \/>\n<meta name=\"twitter:label1\" content=\"Szacowany czas czytania\" \/>\n\t<meta name=\"twitter:data1\" content=\"1 minuta\" \/>\n<script type=\"application\/ld+json\" class=\"yoast-schema-graph\">{\"@context\":\"https:\/\/schema.org\",\"@graph\":[{\"@type\":\"WebSite\",\"@id\":\"https:\/\/www.zszarzecze.pl\/#website\",\"url\":\"https:\/\/www.zszarzecze.pl\/\",\"name\":\"Zesp\\u00f3\\u0142 Szk\\u00f3\\u0142 w Zarzeczu\",\"description\":\"\",\"potentialAction\":[{\"@type\":\"SearchAction\",\"target\":{\"@type\":\"EntryPoint\",\"urlTemplate\":\"https:\/\/www.zszarzecze.pl\/?s={search_term_string}\"},\"query-input\":\"required name=search_term_string\"}],\"inLanguage\":\"pl-PL\"},{\"@type\":\"WebPage\",\"@id\":\"https:\/\/pgzarzecze.home.pl\/autoinstalator\/wordpressplugins\/?page_id=230#webpage\",\"url\":\"https:\/\/pgzarzecze.home.pl\/autoinstalator\/wordpressplugins\/?page_id=230\",\"name\":\"Hymn - Zesp\\u00f3\\u0142 Szk\\u00f3\\u0142 w Zarzeczu\",\"isPartOf\":{\"@id\":\"https:\/\/www.zszarzecze.pl\/#website\"},\"datePublished\":\"2020-07-16T17:23:22+00:00\",\"dateModified\":\"2020-07-16T17:23:24+00:00\",\"breadcrumb\":{\"@id\":\"https:\/\/pgzarzecze.home.pl\/autoinstalator\/wordpressplugins\/?page_id=230#breadcrumb\"},\"inLanguage\":\"pl-PL\",\"potentialAction\":[{\"@type\":\"ReadAction\",\"target\":[\"https:\/\/pgzarzecze.home.pl\/autoinstalator\/wordpressplugins\/?page_id=230\"]}]},{\"@type\":\"BreadcrumbList\",\"@id\":\"https:\/\/pgzarzecze.home.pl\/autoinstalator\/wordpressplugins\/?page_id=230#breadcrumb\",\"itemListElement\":[{\"@type\":\"ListItem\",\"position\":1,\"name\":\"Home\",\"item\":\"https:\/\/www.zszarzecze.pl\/\"},{\"@type\":\"ListItem\",\"position\":2,\"name\":\"Hymn\"}]}]}<\/script>\n<!-- \/ Yoast SEO plugin. -->","yoast_head_json":{"title":"Hymn - Zesp\u00f3\u0142 Szk\u00f3\u0142 w Zarzeczu","robots":{"index":"index","follow":"follow","max-snippet":"max-snippet:-1","max-image-preview":"max-image-preview:large","max-video-preview":"max-video-preview:-1"},"canonical":"https:\/\/pgzarzecze.home.pl\/autoinstalator\/wordpressplugins\/?page_id=230","og_locale":"pl_PL","og_type":"article","og_title":"Hymn - Zesp\u00f3\u0142 Szk\u00f3\u0142 w Zarzeczu","og_description":"Hymn Szko\u0142y Podstawowej im. Jana Paw\u0142a II w Zarzeczu &nbsp;Nasza gromka pie\u015b\u0144 Ojcze \u015awi\u0119ty Przekazuje tre\u015b\u0107 donios\u0142\u0105, co tu kry\u0107. Bo my chcemy post\u0119powa\u0107 wed\u0142ug has\u0142a: Jak uczciwie i m\u0105drze \u017cy\u0107 Ref: Ojcze \u015awi\u0119ty nasz patronie Hymn ten niechaj zabrzmi na cze\u015b\u0107 Tobie Ty nas wspieraj i pomagaj By\u015bmy godnie wype\u0142niali szkolne prawa A Prawda, [&hellip;]","og_url":"https:\/\/pgzarzecze.home.pl\/autoinstalator\/wordpressplugins\/?page_id=230","og_site_name":"Zesp\u00f3\u0142 Szk\u00f3\u0142 w Zarzeczu","article_modified_time":"2020-07-16T17:23:24+00:00","twitter_card":"summary_large_image","twitter_misc":{"Szacowany czas czytania":"1 minuta"},"schema":{"@context":"https:\/\/schema.org","@graph":[{"@type":"WebSite","@id":"https:\/\/www.zszarzecze.pl\/#website","url":"https:\/\/www.zszarzecze.pl\/","name":"Zesp\u00f3\u0142 Szk\u00f3\u0142 w Zarzeczu","description":"","potentialAction":[{"@type":"SearchAction","target":{"@type":"EntryPoint","urlTemplate":"https:\/\/www.zszarzecze.pl\/?s={search_term_string}"},"query-input":"required name=search_term_string"}],"inLanguage":"pl-PL"},{"@type":"WebPage","@id":"https:\/\/pgzarzecze.home.pl\/autoinstalator\/wordpressplugins\/?page_id=230#webpage","url":"https:\/\/pgzarzecze.home.pl\/autoinstalator\/wordpressplugins\/?page_id=230","name":"Hymn - Zesp\u00f3\u0142 Szk\u00f3\u0142 w Zarzeczu","isPartOf":{"@id":"https:\/\/www.zszarzecze.pl\/#website"},"datePublished":"2020-07-16T17:23:22+00:00","dateModified":"2020-07-16T17:23:24+00:00","breadcrumb":{"@id":"https:\/\/pgzarzecze.home.pl\/autoinstalator\/wordpressplugins\/?page_id=230#breadcrumb"},"inLanguage":"pl-PL","potentialAction":[{"@type":"ReadAction","target":["https:\/\/pgzarzecze.home.pl\/autoinstalator\/wordpressplugins\/?page_id=230"]}]},{"@type":"BreadcrumbList","@id":"https:\/\/pgzarzecze.home.pl\/autoinstalator\/wordpressplugins\/?page_id=230#breadcrumb","itemListElement":[{"@type":"ListItem","position":1,"name":"Home","item":"https:\/\/www.zszarzecze.pl\/"},{"@type":"ListItem","position":2,"name":"Hymn"}]}]}},"_links":{"self":[{"href":"https:\/\/www.zszarzecze.pl\/index.php?rest_route=\/wp\/v2\/pages\/230"}],"collection":[{"href":"https:\/\/www.zszarzecze.pl\/index.php?rest_route=\/wp\/v2\/pages"}],"about":[{"href":"https:\/\/www.zszarzecze.pl\/index.php?rest_route=\/wp\/v2\/types\/page"}],"author":[{"embeddable":true,"href":"https:\/\/www.zszarzecze.pl\/index.php?rest_route=\/wp\/v2\/users\/1"}],"replies":[{"embeddable":true,"href":"https:\/\/www.zszarzecze.pl\/index.php?rest_route=%2Fwp%2Fv2%2Fcomments&post=230"}],"version-history":[{"count":1,"href":"https:\/\/www.zszarzecze.pl\/index.php?rest_route=\/wp\/v2\/pages\/230\/revisions"}],"predecessor-version":[{"id":231,"href":"https:\/\/www.zszarzecze.pl\/index.php?rest_route=\/wp\/v2\/pages\/230\/revisions\/231"}],"wp:attachment":[{"href":"https:\/\/www.zszarzecze.pl\/index.php?rest_route=%2Fwp%2Fv2%2Fmedia&parent=230"}],"curies":[{"name":"wp","href":"https:\/\/api.w.org\/{rel}","templated":true}]}}