{"id":227,"date":"2020-07-16T19:21:35","date_gmt":"2020-07-16T17:21:35","guid":{"rendered":"https:\/\/pgzarzecze.home.pl\/autoinstalator\/wordpressplugins\/?page_id=227"},"modified":"2020-07-16T19:21:37","modified_gmt":"2020-07-16T17:21:37","slug":"patron","status":"publish","type":"page","link":"https:\/\/www.zszarzecze.pl\/?page_id=227","title":{"rendered":"Patron"},"content":{"rendered":"\n<p>Jan Pawe\u0142 II to niew\u0105tpliwie jeden z najwi\u0119kszych papie\u017cy wszech czas\u00f3w. Nie spos\u00f3b przeceni\u0107 wp\u0142yw i zasi\u0119g nauki Papie\u017ca Polaka. By\u0142 cz\u0142owiekiem \u017carliwej wiary i wielkiego umys\u0142u. Jeste\u015bmy dumni, i\u017c jest on patronem naszej szko\u0142y. Jan Pawe\u0142 II, Karol J\u00f3zef Wojty\u0142a urodzi\u0142 si\u0119 18 maja 1920r. w Wadowicach. Rodzicami jego byli Karol i Emilia z Kaczorowskich. Gdy Karol mia\u0142 10 lat dziesi\u0119\u0107 umiera mu matka. Po uzyskaniu matury w wadowickim liceum przenosi si\u0119 z ojcem do Krakowa i podejmuje studia na polonistyce Uniwersytetu Jagiello\u0144skiego. Tam zastaje Go wybuch II wojny \u015bwiatowej.<br>Od 1940r. Karol zaczyna pracowa\u0107 w kamienio\u0142omach Zak\u0142ad\u00f3w chemicznych &#8220;Solvay&#8221; w Zakrz\u00f3wku, a nast\u0119pnie w tych samych zak\u0142adach w Borku Fal\u0119ckim pod Krakowem. Podczas okupacji Karol Wojty\u0142a jest wsp\u00f3\u0142organizatorem konspiracyjnego Teatru Rapsodycznego w Krakowie, jego aktorem i jednym z pierwszych re\u017cyser\u00f3w. W 1942r. wst\u0119puje do konspiracyjnego Arcybiskupiego Seminarium Duchownego w Krakowie, studiuj\u0105c jednocze\u015bnie filozofi\u0119 na tajnym Wydziale Teologicznym Uniwersytetu Jagiello\u0144skiego. 1 listopada 1946r. otrzymuje \u015bwi\u0119cenia kap\u0142a\u0144skie. Po powrocie do kraju, ze studi\u00f3w w Rzymie, w 1948r., zostaje wikariuszem parafii Niegowi\u0107, a po roku \u2013 w parafii \u015aw. Floriana w Krakowie. Przygotowuje jednocze\u015bnie prac\u0119 doktorsk\u0105 &#8220;Problem wiary w pismach \u015aw. Jana od Krzy\u017ca&#8221;. W pi\u0119\u0107 lat p\u00f3\u017aniej habilituje si\u0119 na Wydziale Teologicznym Uniwersytetu Jagiello\u0144skiego. W wieku 38 lat otrzymuje sakr\u0119 biskupi\u0105, z r\u0105k Piusa XII, i zostaje najm\u0142odszym cz\u0142onkiem Episkopatu Polski.<br>W 1969r. zostaje wybrany na wiceprzewodnicz\u0105cego Episkopatu Polski. Jednocze\u015bnie zostaje cz\u0142onkiem trzech watyka\u0144skich kongregacji, m.in. Kongregacji ds. Ko\u015bcio\u0142\u00f3w Wschodnich.<br>16 pa\u017adziernika 1978r., Karol Wojty\u0142a zostaje wybrany Papie\u017cem i przyjmuje imi\u0119 Jan Pawe\u0142 II, na znak kontynuacji dziedzictwa trzech bezpo\u015brednich poprzednik\u00f3w: Jana XXIII, Paw\u0142a VI i Jana Paw\u0142a I.<br>Jan Pawe\u0142 II by\u0142 pierwszym od 455 lat papie\u017cem nie W\u0142ochem i pierwszym Polakiem, kt\u00f3ry dost\u0105pi\u0142 tej godno\u015bci. Pocz\u0105tek pontyfikatu sta\u0142y si\u0119 pretekstem do pierwszej, najbardziej znacz\u0105cej i oczekiwanej pielgrzymki do ojczyzny w 1979r. Pielgrzymka ta sta\u0142a si\u0119 pocz\u0105tkiem ko\u0144ca komunistycznej hegemonii w krajach Europy Wschodniej.<br>Przez ca\u0142e 27 lat pontyfikatu d\u017awiga\u0142 na barkach ci\u0119\u017car historii i sam pisa\u0142 jej nowy, wa\u017cny rozdzia\u0142. Jako biskup Rzymu s\u0142u\u017cy\u0142 sprawie pojednania mi\u0119dzy religiami i narodami. By\u0142 bezkompromisowym obro\u0144c\u0105 ludzkiej godno\u015bci oraz pokoju na ca\u0142ym \u015bwiecie. Ni\u00f3s\u0142 nadziej\u0119 prze\u015bladowanym i zniewolonym. Zmar\u0142 2 kwietnia 2005r. 1 maja 2011r. nast\u0105pi\u0142a beatyfikacja Jana Paw\u0142a II podczas uroczystej Mszy \u015awi\u0119tej na placu \u015bw. Piotra w Rzymie. Nabo\u017ce\u0144stwo prowadzi\u0142 papie\u017c Benedykt XVI, uroczyst\u0105 msz\u0119 koncelebrowa\u0142o kilka tysi\u0119cy kardyna\u0142\u00f3w, arcybiskup\u00f3w i biskup\u00f3w z ca\u0142ego \u015bwiata. 27 kwietnia 2014 roku papie\u017c Franciszek dokona\u0142 kanonizacji Jana Paw\u0142a II.\u00a0<\/p>\n\n\n\n<div class=\"wp-block-image\"><figure class=\"aligncenter size-large\"><img loading=\"lazy\" width=\"301\" height=\"401\" src=\"https:\/\/pgzarzecze.home.pl\/autoinstalator\/wordpressplugins\/wp-content\/uploads\/2020\/07\/obraz-5.png\" alt=\"\" class=\"wp-image-228\" srcset=\"https:\/\/www.zszarzecze.pl\/wp-content\/uploads\/2020\/07\/obraz-5.png 301w, https:\/\/www.zszarzecze.pl\/wp-content\/uploads\/2020\/07\/obraz-5-225x300.png 225w\" sizes=\"(max-width: 301px) 100vw, 301px\" \/><\/figure><\/div>\n","protected":false},"excerpt":{"rendered":"<p>Jan Pawe\u0142 II to niew\u0105tpliwie jeden z najwi\u0119kszych papie\u017cy wszech czas\u00f3w. Nie spos\u00f3b przeceni\u0107 wp\u0142yw i zasi\u0119g nauki Papie\u017ca Polaka. By\u0142 cz\u0142owiekiem \u017carliwej wiary i wielkiego umys\u0142u. Jeste\u015bmy dumni, i\u017c jest on patronem naszej szko\u0142y. Jan Pawe\u0142 II, Karol J\u00f3zef Wojty\u0142a urodzi\u0142 si\u0119 18 maja 1920r. w Wadowicach. Rodzicami jego byli Karol i Emilia z [&hellip;]<\/p>\n","protected":false},"author":1,"featured_media":0,"parent":0,"menu_order":0,"comment_status":"closed","ping_status":"closed","template":"","meta":{"ngg_post_thumbnail":0},"yoast_head":"<!-- This site is optimized with the Yoast SEO plugin v16.9 - https:\/\/yoast.com\/wordpress\/plugins\/seo\/ -->\n<title>Patron - Zesp\u00f3\u0142 Szk\u00f3\u0142 w Zarzeczu<\/title>\n<meta name=\"robots\" content=\"index, follow, max-snippet:-1, max-image-preview:large, max-video-preview:-1\" \/>\n<link rel=\"canonical\" href=\"https:\/\/pgzarzecze.home.pl\/autoinstalator\/wordpressplugins\/?page_id=227\" \/>\n<meta property=\"og:locale\" content=\"pl_PL\" \/>\n<meta property=\"og:type\" content=\"article\" \/>\n<meta property=\"og:title\" content=\"Patron - Zesp\u00f3\u0142 Szk\u00f3\u0142 w Zarzeczu\" \/>\n<meta property=\"og:description\" content=\"Jan Pawe\u0142 II to niew\u0105tpliwie jeden z najwi\u0119kszych papie\u017cy wszech czas\u00f3w. Nie spos\u00f3b przeceni\u0107 wp\u0142yw i zasi\u0119g nauki Papie\u017ca Polaka. By\u0142 cz\u0142owiekiem \u017carliwej wiary i wielkiego umys\u0142u. Jeste\u015bmy dumni, i\u017c jest on patronem naszej szko\u0142y. Jan Pawe\u0142 II, Karol J\u00f3zef Wojty\u0142a urodzi\u0142 si\u0119 18 maja 1920r. w Wadowicach. Rodzicami jego byli Karol i Emilia z [&hellip;]\" \/>\n<meta property=\"og:url\" content=\"https:\/\/pgzarzecze.home.pl\/autoinstalator\/wordpressplugins\/?page_id=227\" \/>\n<meta property=\"og:site_name\" content=\"Zesp\u00f3\u0142 Szk\u00f3\u0142 w Zarzeczu\" \/>\n<meta property=\"article:modified_time\" content=\"2020-07-16T17:21:37+00:00\" \/>\n<meta property=\"og:image\" content=\"https:\/\/pgzarzecze.home.pl\/autoinstalator\/wordpressplugins\/wp-content\/uploads\/2020\/07\/obraz-5.png\" \/>\n<meta name=\"twitter:card\" content=\"summary_large_image\" \/>\n<meta name=\"twitter:label1\" content=\"Szacowany czas czytania\" \/>\n\t<meta name=\"twitter:data1\" content=\"2 minuty\" \/>\n<script type=\"application\/ld+json\" class=\"yoast-schema-graph\">{\"@context\":\"https:\/\/schema.org\",\"@graph\":[{\"@type\":\"WebSite\",\"@id\":\"https:\/\/www.zszarzecze.pl\/#website\",\"url\":\"https:\/\/www.zszarzecze.pl\/\",\"name\":\"Zesp\\u00f3\\u0142 Szk\\u00f3\\u0142 w Zarzeczu\",\"description\":\"\",\"potentialAction\":[{\"@type\":\"SearchAction\",\"target\":{\"@type\":\"EntryPoint\",\"urlTemplate\":\"https:\/\/www.zszarzecze.pl\/?s={search_term_string}\"},\"query-input\":\"required name=search_term_string\"}],\"inLanguage\":\"pl-PL\"},{\"@type\":\"ImageObject\",\"@id\":\"https:\/\/pgzarzecze.home.pl\/autoinstalator\/wordpressplugins\/?page_id=227#primaryimage\",\"inLanguage\":\"pl-PL\",\"url\":\"https:\/\/pgzarzecze.home.pl\/autoinstalator\/wordpressplugins\/wp-content\/uploads\/2020\/07\/obraz-5.png\",\"contentUrl\":\"https:\/\/pgzarzecze.home.pl\/autoinstalator\/wordpressplugins\/wp-content\/uploads\/2020\/07\/obraz-5.png\"},{\"@type\":\"WebPage\",\"@id\":\"https:\/\/pgzarzecze.home.pl\/autoinstalator\/wordpressplugins\/?page_id=227#webpage\",\"url\":\"https:\/\/pgzarzecze.home.pl\/autoinstalator\/wordpressplugins\/?page_id=227\",\"name\":\"Patron - Zesp\\u00f3\\u0142 Szk\\u00f3\\u0142 w Zarzeczu\",\"isPartOf\":{\"@id\":\"https:\/\/www.zszarzecze.pl\/#website\"},\"primaryImageOfPage\":{\"@id\":\"https:\/\/pgzarzecze.home.pl\/autoinstalator\/wordpressplugins\/?page_id=227#primaryimage\"},\"datePublished\":\"2020-07-16T17:21:35+00:00\",\"dateModified\":\"2020-07-16T17:21:37+00:00\",\"breadcrumb\":{\"@id\":\"https:\/\/pgzarzecze.home.pl\/autoinstalator\/wordpressplugins\/?page_id=227#breadcrumb\"},\"inLanguage\":\"pl-PL\",\"potentialAction\":[{\"@type\":\"ReadAction\",\"target\":[\"https:\/\/pgzarzecze.home.pl\/autoinstalator\/wordpressplugins\/?page_id=227\"]}]},{\"@type\":\"BreadcrumbList\",\"@id\":\"https:\/\/pgzarzecze.home.pl\/autoinstalator\/wordpressplugins\/?page_id=227#breadcrumb\",\"itemListElement\":[{\"@type\":\"ListItem\",\"position\":1,\"name\":\"Home\",\"item\":\"https:\/\/www.zszarzecze.pl\/\"},{\"@type\":\"ListItem\",\"position\":2,\"name\":\"Patron\"}]}]}<\/script>\n<!-- \/ Yoast SEO plugin. -->","yoast_head_json":{"title":"Patron - Zesp\u00f3\u0142 Szk\u00f3\u0142 w Zarzeczu","robots":{"index":"index","follow":"follow","max-snippet":"max-snippet:-1","max-image-preview":"max-image-preview:large","max-video-preview":"max-video-preview:-1"},"canonical":"https:\/\/pgzarzecze.home.pl\/autoinstalator\/wordpressplugins\/?page_id=227","og_locale":"pl_PL","og_type":"article","og_title":"Patron - Zesp\u00f3\u0142 Szk\u00f3\u0142 w Zarzeczu","og_description":"Jan Pawe\u0142 II to niew\u0105tpliwie jeden z najwi\u0119kszych papie\u017cy wszech czas\u00f3w. Nie spos\u00f3b przeceni\u0107 wp\u0142yw i zasi\u0119g nauki Papie\u017ca Polaka. By\u0142 cz\u0142owiekiem \u017carliwej wiary i wielkiego umys\u0142u. Jeste\u015bmy dumni, i\u017c jest on patronem naszej szko\u0142y. Jan Pawe\u0142 II, Karol J\u00f3zef Wojty\u0142a urodzi\u0142 si\u0119 18 maja 1920r. w Wadowicach. Rodzicami jego byli Karol i Emilia z [&hellip;]","og_url":"https:\/\/pgzarzecze.home.pl\/autoinstalator\/wordpressplugins\/?page_id=227","og_site_name":"Zesp\u00f3\u0142 Szk\u00f3\u0142 w Zarzeczu","article_modified_time":"2020-07-16T17:21:37+00:00","og_image":[{"url":"https:\/\/pgzarzecze.home.pl\/autoinstalator\/wordpressplugins\/wp-content\/uploads\/2020\/07\/obraz-5.png"}],"twitter_card":"summary_large_image","twitter_misc":{"Szacowany czas czytania":"2 minuty"},"schema":{"@context":"https:\/\/schema.org","@graph":[{"@type":"WebSite","@id":"https:\/\/www.zszarzecze.pl\/#website","url":"https:\/\/www.zszarzecze.pl\/","name":"Zesp\u00f3\u0142 Szk\u00f3\u0142 w Zarzeczu","description":"","potentialAction":[{"@type":"SearchAction","target":{"@type":"EntryPoint","urlTemplate":"https:\/\/www.zszarzecze.pl\/?s={search_term_string}"},"query-input":"required name=search_term_string"}],"inLanguage":"pl-PL"},{"@type":"ImageObject","@id":"https:\/\/pgzarzecze.home.pl\/autoinstalator\/wordpressplugins\/?page_id=227#primaryimage","inLanguage":"pl-PL","url":"https:\/\/pgzarzecze.home.pl\/autoinstalator\/wordpressplugins\/wp-content\/uploads\/2020\/07\/obraz-5.png","contentUrl":"https:\/\/pgzarzecze.home.pl\/autoinstalator\/wordpressplugins\/wp-content\/uploads\/2020\/07\/obraz-5.png"},{"@type":"WebPage","@id":"https:\/\/pgzarzecze.home.pl\/autoinstalator\/wordpressplugins\/?page_id=227#webpage","url":"https:\/\/pgzarzecze.home.pl\/autoinstalator\/wordpressplugins\/?page_id=227","name":"Patron - Zesp\u00f3\u0142 Szk\u00f3\u0142 w Zarzeczu","isPartOf":{"@id":"https:\/\/www.zszarzecze.pl\/#website"},"primaryImageOfPage":{"@id":"https:\/\/pgzarzecze.home.pl\/autoinstalator\/wordpressplugins\/?page_id=227#primaryimage"},"datePublished":"2020-07-16T17:21:35+00:00","dateModified":"2020-07-16T17:21:37+00:00","breadcrumb":{"@id":"https:\/\/pgzarzecze.home.pl\/autoinstalator\/wordpressplugins\/?page_id=227#breadcrumb"},"inLanguage":"pl-PL","potentialAction":[{"@type":"ReadAction","target":["https:\/\/pgzarzecze.home.pl\/autoinstalator\/wordpressplugins\/?page_id=227"]}]},{"@type":"BreadcrumbList","@id":"https:\/\/pgzarzecze.home.pl\/autoinstalator\/wordpressplugins\/?page_id=227#breadcrumb","itemListElement":[{"@type":"ListItem","position":1,"name":"Home","item":"https:\/\/www.zszarzecze.pl\/"},{"@type":"ListItem","position":2,"name":"Patron"}]}]}},"_links":{"self":[{"href":"https:\/\/www.zszarzecze.pl\/index.php?rest_route=\/wp\/v2\/pages\/227"}],"collection":[{"href":"https:\/\/www.zszarzecze.pl\/index.php?rest_route=\/wp\/v2\/pages"}],"about":[{"href":"https:\/\/www.zszarzecze.pl\/index.php?rest_route=\/wp\/v2\/types\/page"}],"author":[{"embeddable":true,"href":"https:\/\/www.zszarzecze.pl\/index.php?rest_route=\/wp\/v2\/users\/1"}],"replies":[{"embeddable":true,"href":"https:\/\/www.zszarzecze.pl\/index.php?rest_route=%2Fwp%2Fv2%2Fcomments&post=227"}],"version-history":[{"count":1,"href":"https:\/\/www.zszarzecze.pl\/index.php?rest_route=\/wp\/v2\/pages\/227\/revisions"}],"predecessor-version":[{"id":229,"href":"https:\/\/www.zszarzecze.pl\/index.php?rest_route=\/wp\/v2\/pages\/227\/revisions\/229"}],"wp:attachment":[{"href":"https:\/\/www.zszarzecze.pl\/index.php?rest_route=%2Fwp%2Fv2%2Fmedia&parent=227"}],"curies":[{"name":"wp","href":"https:\/\/api.w.org\/{rel}","templated":true}]}}