{"id":224,"date":"2020-07-16T19:19:02","date_gmt":"2020-07-16T17:19:02","guid":{"rendered":"https:\/\/pgzarzecze.home.pl\/autoinstalator\/wordpressplugins\/?page_id=224"},"modified":"2020-07-16T19:19:03","modified_gmt":"2020-07-16T17:19:03","slug":"tradycyjny-sad","status":"publish","type":"page","link":"https:\/\/www.zszarzecze.pl\/?page_id=224","title":{"rendered":"Tradycyjny Sad"},"content":{"rendered":"\n<figure class=\"wp-block-image size-large\"><img loading=\"lazy\" width=\"462\" height=\"75\" src=\"https:\/\/pgzarzecze.home.pl\/autoinstalator\/wordpressplugins\/wp-content\/uploads\/2020\/07\/obraz-4.png\" alt=\"\" class=\"wp-image-225\" srcset=\"https:\/\/www.zszarzecze.pl\/wp-content\/uploads\/2020\/07\/obraz-4.png 462w, https:\/\/www.zszarzecze.pl\/wp-content\/uploads\/2020\/07\/obraz-4-300x49.png 300w\" sizes=\"(max-width: 462px) 100vw, 462px\" \/><\/figure>\n\n\n\n<p>Uczniowie naszej szko\u0142y przyst\u0105pili do trzeciej edycji projektu \u201eTradycyjny sad\u201d. Jest to og\u00f3lnopolski projekt edukacyjny organizowany przez Fundacj\u0119 Banku Ochrony \u015arodowiska z my\u015bl\u0105 o zachowaniu r\u00f3\u017cnorodno\u015bci biologicznej Polski i zdrowiu spo\u0142ecze\u0144stwa.\u00a0Projekt polega na poznaniu sadowniczego dziedzictwa polskich ziem i restytucji starych odmian drzew w formie szkolnego mini sadu sk\u0142adaj\u0105cego si\u0119 z co najmniej 5 drzew sadzonych swobodnie na og\u00f3lnodost\u0119pnym terenie. W tym roku projekt zak\u0142ada zasadzenie \u015bliw. \u015aliwy, tak jak i jab\u0142onie towarzyszy\u0142y cz\u0142owiekowi od niepami\u0119tnych czas\u00f3w. Pierwsze \u015blady obecno\u015bci \u015bliw pochodz\u0105 z okresu neolitu, epoki br\u0105zu i \u017celaza. Uwa\u017ca si\u0119, \u017ce prekursorami w uprawie \u015bliw byli Grecy i Rzymianie. Pierwsze wzmianki w literaturze dotycz\u0105ce \u015bliw mo\u017cna znale\u017a\u0107 w dzie\u0142ach Wirgiljusza i Pliniusza, a pierwsze opisy odmian pochodz\u0105 ju\u017c z XVI wieku. Po koniec XIX wieku w Europie znanych by\u0142o ju\u017c oko\u0142o 400 odmian. \u015aliwki opr\u00f3cz niew\u0105tpliwych walor\u00f3w smakowych posiaduj\u0105 du\u017ce w\u0142a\u015bciwo\u015bci od\u017cywcze. S\u0105 bardzo bogate w b\u0142onnik, szczeg\u00f3lnie owoce suszone, kt\u00f3re spowalniaj\u0105 wch\u0142anianie cukru, co powoduje wi\u0119ksze spalanie t\u0142uszczu. Inn\u0105 bardzo wa\u017cn\u0105 zalet\u0105 \u015bliwek jest to, \u017ce hamuj\u0105 wch\u0142anianie przez organizm cholesterolu.<\/p>\n","protected":false},"excerpt":{"rendered":"<p>Uczniowie naszej szko\u0142y przyst\u0105pili do trzeciej edycji projektu \u201eTradycyjny sad\u201d. Jest to og\u00f3lnopolski projekt edukacyjny organizowany przez Fundacj\u0119 Banku Ochrony \u015arodowiska z my\u015bl\u0105 o zachowaniu r\u00f3\u017cnorodno\u015bci biologicznej Polski i zdrowiu spo\u0142ecze\u0144stwa.\u00a0Projekt polega na poznaniu sadowniczego dziedzictwa polskich ziem i restytucji starych odmian drzew w formie szkolnego mini sadu sk\u0142adaj\u0105cego si\u0119 z co najmniej 5 drzew [&hellip;]<\/p>\n","protected":false},"author":1,"featured_media":0,"parent":0,"menu_order":0,"comment_status":"closed","ping_status":"closed","template":"","meta":{"ngg_post_thumbnail":0},"yoast_head":"<!-- This site is optimized with the Yoast SEO plugin v16.9 - https:\/\/yoast.com\/wordpress\/plugins\/seo\/ -->\n<title>Tradycyjny Sad - Zesp\u00f3\u0142 Szk\u00f3\u0142 w Zarzeczu<\/title>\n<meta name=\"robots\" content=\"index, follow, max-snippet:-1, max-image-preview:large, max-video-preview:-1\" \/>\n<link rel=\"canonical\" href=\"https:\/\/pgzarzecze.home.pl\/autoinstalator\/wordpressplugins\/?page_id=224\" \/>\n<meta property=\"og:locale\" content=\"pl_PL\" \/>\n<meta property=\"og:type\" content=\"article\" \/>\n<meta property=\"og:title\" content=\"Tradycyjny Sad - Zesp\u00f3\u0142 Szk\u00f3\u0142 w Zarzeczu\" \/>\n<meta property=\"og:description\" content=\"Uczniowie naszej szko\u0142y przyst\u0105pili do trzeciej edycji projektu \u201eTradycyjny sad\u201d. Jest to og\u00f3lnopolski projekt edukacyjny organizowany przez Fundacj\u0119 Banku Ochrony \u015arodowiska z my\u015bl\u0105 o zachowaniu r\u00f3\u017cnorodno\u015bci biologicznej Polski i zdrowiu spo\u0142ecze\u0144stwa.\u00a0Projekt polega na poznaniu sadowniczego dziedzictwa polskich ziem i restytucji starych odmian drzew w formie szkolnego mini sadu sk\u0142adaj\u0105cego si\u0119 z co najmniej 5 drzew [&hellip;]\" \/>\n<meta property=\"og:url\" content=\"https:\/\/pgzarzecze.home.pl\/autoinstalator\/wordpressplugins\/?page_id=224\" \/>\n<meta property=\"og:site_name\" content=\"Zesp\u00f3\u0142 Szk\u00f3\u0142 w Zarzeczu\" \/>\n<meta property=\"article:modified_time\" content=\"2020-07-16T17:19:03+00:00\" \/>\n<meta property=\"og:image\" content=\"https:\/\/pgzarzecze.home.pl\/autoinstalator\/wordpressplugins\/wp-content\/uploads\/2020\/07\/obraz-4.png\" \/>\n<meta name=\"twitter:card\" content=\"summary_large_image\" \/>\n<meta name=\"twitter:label1\" content=\"Szacowany czas czytania\" \/>\n\t<meta name=\"twitter:data1\" content=\"1 minuta\" \/>\n<script type=\"application\/ld+json\" class=\"yoast-schema-graph\">{\"@context\":\"https:\/\/schema.org\",\"@graph\":[{\"@type\":\"WebSite\",\"@id\":\"https:\/\/www.zszarzecze.pl\/#website\",\"url\":\"https:\/\/www.zszarzecze.pl\/\",\"name\":\"Zesp\\u00f3\\u0142 Szk\\u00f3\\u0142 w Zarzeczu\",\"description\":\"\",\"potentialAction\":[{\"@type\":\"SearchAction\",\"target\":{\"@type\":\"EntryPoint\",\"urlTemplate\":\"https:\/\/www.zszarzecze.pl\/?s={search_term_string}\"},\"query-input\":\"required name=search_term_string\"}],\"inLanguage\":\"pl-PL\"},{\"@type\":\"ImageObject\",\"@id\":\"https:\/\/pgzarzecze.home.pl\/autoinstalator\/wordpressplugins\/?page_id=224#primaryimage\",\"inLanguage\":\"pl-PL\",\"url\":\"https:\/\/pgzarzecze.home.pl\/autoinstalator\/wordpressplugins\/wp-content\/uploads\/2020\/07\/obraz-4.png\",\"contentUrl\":\"https:\/\/pgzarzecze.home.pl\/autoinstalator\/wordpressplugins\/wp-content\/uploads\/2020\/07\/obraz-4.png\"},{\"@type\":\"WebPage\",\"@id\":\"https:\/\/pgzarzecze.home.pl\/autoinstalator\/wordpressplugins\/?page_id=224#webpage\",\"url\":\"https:\/\/pgzarzecze.home.pl\/autoinstalator\/wordpressplugins\/?page_id=224\",\"name\":\"Tradycyjny Sad - Zesp\\u00f3\\u0142 Szk\\u00f3\\u0142 w Zarzeczu\",\"isPartOf\":{\"@id\":\"https:\/\/www.zszarzecze.pl\/#website\"},\"primaryImageOfPage\":{\"@id\":\"https:\/\/pgzarzecze.home.pl\/autoinstalator\/wordpressplugins\/?page_id=224#primaryimage\"},\"datePublished\":\"2020-07-16T17:19:02+00:00\",\"dateModified\":\"2020-07-16T17:19:03+00:00\",\"breadcrumb\":{\"@id\":\"https:\/\/pgzarzecze.home.pl\/autoinstalator\/wordpressplugins\/?page_id=224#breadcrumb\"},\"inLanguage\":\"pl-PL\",\"potentialAction\":[{\"@type\":\"ReadAction\",\"target\":[\"https:\/\/pgzarzecze.home.pl\/autoinstalator\/wordpressplugins\/?page_id=224\"]}]},{\"@type\":\"BreadcrumbList\",\"@id\":\"https:\/\/pgzarzecze.home.pl\/autoinstalator\/wordpressplugins\/?page_id=224#breadcrumb\",\"itemListElement\":[{\"@type\":\"ListItem\",\"position\":1,\"name\":\"Home\",\"item\":\"https:\/\/www.zszarzecze.pl\/\"},{\"@type\":\"ListItem\",\"position\":2,\"name\":\"Tradycyjny Sad\"}]}]}<\/script>\n<!-- \/ Yoast SEO plugin. -->","yoast_head_json":{"title":"Tradycyjny Sad - Zesp\u00f3\u0142 Szk\u00f3\u0142 w Zarzeczu","robots":{"index":"index","follow":"follow","max-snippet":"max-snippet:-1","max-image-preview":"max-image-preview:large","max-video-preview":"max-video-preview:-1"},"canonical":"https:\/\/pgzarzecze.home.pl\/autoinstalator\/wordpressplugins\/?page_id=224","og_locale":"pl_PL","og_type":"article","og_title":"Tradycyjny Sad - Zesp\u00f3\u0142 Szk\u00f3\u0142 w Zarzeczu","og_description":"Uczniowie naszej szko\u0142y przyst\u0105pili do trzeciej edycji projektu \u201eTradycyjny sad\u201d. Jest to og\u00f3lnopolski projekt edukacyjny organizowany przez Fundacj\u0119 Banku Ochrony \u015arodowiska z my\u015bl\u0105 o zachowaniu r\u00f3\u017cnorodno\u015bci biologicznej Polski i zdrowiu spo\u0142ecze\u0144stwa.\u00a0Projekt polega na poznaniu sadowniczego dziedzictwa polskich ziem i restytucji starych odmian drzew w formie szkolnego mini sadu sk\u0142adaj\u0105cego si\u0119 z co najmniej 5 drzew [&hellip;]","og_url":"https:\/\/pgzarzecze.home.pl\/autoinstalator\/wordpressplugins\/?page_id=224","og_site_name":"Zesp\u00f3\u0142 Szk\u00f3\u0142 w Zarzeczu","article_modified_time":"2020-07-16T17:19:03+00:00","og_image":[{"url":"https:\/\/pgzarzecze.home.pl\/autoinstalator\/wordpressplugins\/wp-content\/uploads\/2020\/07\/obraz-4.png"}],"twitter_card":"summary_large_image","twitter_misc":{"Szacowany czas czytania":"1 minuta"},"schema":{"@context":"https:\/\/schema.org","@graph":[{"@type":"WebSite","@id":"https:\/\/www.zszarzecze.pl\/#website","url":"https:\/\/www.zszarzecze.pl\/","name":"Zesp\u00f3\u0142 Szk\u00f3\u0142 w Zarzeczu","description":"","potentialAction":[{"@type":"SearchAction","target":{"@type":"EntryPoint","urlTemplate":"https:\/\/www.zszarzecze.pl\/?s={search_term_string}"},"query-input":"required name=search_term_string"}],"inLanguage":"pl-PL"},{"@type":"ImageObject","@id":"https:\/\/pgzarzecze.home.pl\/autoinstalator\/wordpressplugins\/?page_id=224#primaryimage","inLanguage":"pl-PL","url":"https:\/\/pgzarzecze.home.pl\/autoinstalator\/wordpressplugins\/wp-content\/uploads\/2020\/07\/obraz-4.png","contentUrl":"https:\/\/pgzarzecze.home.pl\/autoinstalator\/wordpressplugins\/wp-content\/uploads\/2020\/07\/obraz-4.png"},{"@type":"WebPage","@id":"https:\/\/pgzarzecze.home.pl\/autoinstalator\/wordpressplugins\/?page_id=224#webpage","url":"https:\/\/pgzarzecze.home.pl\/autoinstalator\/wordpressplugins\/?page_id=224","name":"Tradycyjny Sad - Zesp\u00f3\u0142 Szk\u00f3\u0142 w Zarzeczu","isPartOf":{"@id":"https:\/\/www.zszarzecze.pl\/#website"},"primaryImageOfPage":{"@id":"https:\/\/pgzarzecze.home.pl\/autoinstalator\/wordpressplugins\/?page_id=224#primaryimage"},"datePublished":"2020-07-16T17:19:02+00:00","dateModified":"2020-07-16T17:19:03+00:00","breadcrumb":{"@id":"https:\/\/pgzarzecze.home.pl\/autoinstalator\/wordpressplugins\/?page_id=224#breadcrumb"},"inLanguage":"pl-PL","potentialAction":[{"@type":"ReadAction","target":["https:\/\/pgzarzecze.home.pl\/autoinstalator\/wordpressplugins\/?page_id=224"]}]},{"@type":"BreadcrumbList","@id":"https:\/\/pgzarzecze.home.pl\/autoinstalator\/wordpressplugins\/?page_id=224#breadcrumb","itemListElement":[{"@type":"ListItem","position":1,"name":"Home","item":"https:\/\/www.zszarzecze.pl\/"},{"@type":"ListItem","position":2,"name":"Tradycyjny Sad"}]}]}},"_links":{"self":[{"href":"https:\/\/www.zszarzecze.pl\/index.php?rest_route=\/wp\/v2\/pages\/224"}],"collection":[{"href":"https:\/\/www.zszarzecze.pl\/index.php?rest_route=\/wp\/v2\/pages"}],"about":[{"href":"https:\/\/www.zszarzecze.pl\/index.php?rest_route=\/wp\/v2\/types\/page"}],"author":[{"embeddable":true,"href":"https:\/\/www.zszarzecze.pl\/index.php?rest_route=\/wp\/v2\/users\/1"}],"replies":[{"embeddable":true,"href":"https:\/\/www.zszarzecze.pl\/index.php?rest_route=%2Fwp%2Fv2%2Fcomments&post=224"}],"version-history":[{"count":1,"href":"https:\/\/www.zszarzecze.pl\/index.php?rest_route=\/wp\/v2\/pages\/224\/revisions"}],"predecessor-version":[{"id":226,"href":"https:\/\/www.zszarzecze.pl\/index.php?rest_route=\/wp\/v2\/pages\/224\/revisions\/226"}],"wp:attachment":[{"href":"https:\/\/www.zszarzecze.pl\/index.php?rest_route=%2Fwp%2Fv2%2Fmedia&parent=224"}],"curies":[{"name":"wp","href":"https:\/\/api.w.org\/{rel}","templated":true}]}}