{"id":214,"date":"2020-07-16T18:59:18","date_gmt":"2020-07-16T16:59:18","guid":{"rendered":"https:\/\/pgzarzecze.home.pl\/autoinstalator\/wordpressplugins\/?page_id=214"},"modified":"2020-07-21T19:28:42","modified_gmt":"2020-07-21T17:28:42","slug":"bip","status":"publish","type":"page","link":"https:\/\/www.zszarzecze.pl\/?page_id=214","title":{"rendered":"BIP"},"content":{"rendered":"\n<p><strong>Zesp\u00f3\u0142 Szk\u00f3\u0142 w Zarzeczu nosz\u0105cych imi\u0119 Jana Paw\u0142a II<\/strong><\/p>\n\n\n\n<p><strong>ul. \u015aw. Jana Paw\u0142a II&nbsp; 7<br><br>37-205 Zarzecze<\/strong><\/p>\n\n\n\n<p><strong>Tel:<\/strong><\/p>\n\n\n\n<p><strong>Sekretariat\/fax 16&nbsp;640 15 86<\/strong><\/p>\n\n\n\n<p><strong>Pedagog\/higienistka 16&nbsp;640 12 72<\/strong><\/p>\n\n\n\n<p><strong>Pracownia komputerowa 16\u00a0640 19 5<\/strong>0<\/p>\n\n\n\n<p><strong>e-mail:&nbsp;<\/strong><a href=\"mailto:zszarzecze@itl.pl\"><strong>zszarzecze@itl.pl<\/strong><\/a><a href=\"https:\/\/pgzarzecze.home.pl\/autoinstalator\/wordpressplugins\/wp-admin\/post.php?post=200&amp;action=edit\">Edit<\/a><\/p>\n\n\n\n<p><strong>NIP: 7941819121<\/strong><\/p>\n\n\n\n<p><strong>REGON: 180869890<\/strong><\/p>\n","protected":false},"excerpt":{"rendered":"<p>Zesp\u00f3\u0142 Szk\u00f3\u0142 w Zarzeczu nosz\u0105cych imi\u0119 Jana Paw\u0142a II ul. \u015aw. Jana Paw\u0142a II&nbsp; 7 37-205 Zarzecze Tel: Sekretariat\/fax 16&nbsp;640 15 86 Pedagog\/higienistka 16&nbsp;640 12 72 Pracownia komputerowa 16\u00a0640 19 50 e-mail:&nbsp;zszarzecze@itl.plEdit NIP: 7941819121 REGON: 180869890<\/p>\n","protected":false},"author":1,"featured_media":0,"parent":0,"menu_order":0,"comment_status":"closed","ping_status":"closed","template":"","meta":{"ngg_post_thumbnail":0},"yoast_head":"<!-- This site is optimized with the Yoast SEO plugin v16.9 - https:\/\/yoast.com\/wordpress\/plugins\/seo\/ -->\n<title>BIP - Zesp\u00f3\u0142 Szk\u00f3\u0142 w Zarzeczu<\/title>\n<meta name=\"robots\" content=\"index, follow, max-snippet:-1, max-image-preview:large, max-video-preview:-1\" \/>\n<link rel=\"canonical\" href=\"https:\/\/pgzarzecze.home.pl\/autoinstalator\/wordpressplugins\/?page_id=214\" \/>\n<meta property=\"og:locale\" content=\"pl_PL\" \/>\n<meta property=\"og:type\" content=\"article\" \/>\n<meta property=\"og:title\" content=\"BIP - Zesp\u00f3\u0142 Szk\u00f3\u0142 w Zarzeczu\" \/>\n<meta property=\"og:description\" content=\"Zesp\u00f3\u0142 Szk\u00f3\u0142 w Zarzeczu nosz\u0105cych imi\u0119 Jana Paw\u0142a II ul. \u015aw. Jana Paw\u0142a II&nbsp; 7 37-205 Zarzecze Tel: Sekretariat\/fax 16&nbsp;640 15 86 Pedagog\/higienistka 16&nbsp;640 12 72 Pracownia komputerowa 16\u00a0640 19 50 e-mail:&nbsp;zszarzecze@itl.plEdit NIP: 7941819121 REGON: 180869890\" \/>\n<meta property=\"og:url\" content=\"https:\/\/pgzarzecze.home.pl\/autoinstalator\/wordpressplugins\/?page_id=214\" \/>\n<meta property=\"og:site_name\" content=\"Zesp\u00f3\u0142 Szk\u00f3\u0142 w Zarzeczu\" \/>\n<meta property=\"article:modified_time\" content=\"2020-07-21T17:28:42+00:00\" \/>\n<meta name=\"twitter:card\" content=\"summary_large_image\" \/>\n<script type=\"application\/ld+json\" class=\"yoast-schema-graph\">{\"@context\":\"https:\/\/schema.org\",\"@graph\":[{\"@type\":\"WebSite\",\"@id\":\"https:\/\/www.zszarzecze.pl\/#website\",\"url\":\"https:\/\/www.zszarzecze.pl\/\",\"name\":\"Zesp\\u00f3\\u0142 Szk\\u00f3\\u0142 w Zarzeczu\",\"description\":\"\",\"potentialAction\":[{\"@type\":\"SearchAction\",\"target\":{\"@type\":\"EntryPoint\",\"urlTemplate\":\"https:\/\/www.zszarzecze.pl\/?s={search_term_string}\"},\"query-input\":\"required name=search_term_string\"}],\"inLanguage\":\"pl-PL\"},{\"@type\":\"WebPage\",\"@id\":\"https:\/\/pgzarzecze.home.pl\/autoinstalator\/wordpressplugins\/?page_id=214#webpage\",\"url\":\"https:\/\/pgzarzecze.home.pl\/autoinstalator\/wordpressplugins\/?page_id=214\",\"name\":\"BIP - Zesp\\u00f3\\u0142 Szk\\u00f3\\u0142 w Zarzeczu\",\"isPartOf\":{\"@id\":\"https:\/\/www.zszarzecze.pl\/#website\"},\"datePublished\":\"2020-07-16T16:59:18+00:00\",\"dateModified\":\"2020-07-21T17:28:42+00:00\",\"breadcrumb\":{\"@id\":\"https:\/\/pgzarzecze.home.pl\/autoinstalator\/wordpressplugins\/?page_id=214#breadcrumb\"},\"inLanguage\":\"pl-PL\",\"potentialAction\":[{\"@type\":\"ReadAction\",\"target\":[\"https:\/\/pgzarzecze.home.pl\/autoinstalator\/wordpressplugins\/?page_id=214\"]}]},{\"@type\":\"BreadcrumbList\",\"@id\":\"https:\/\/pgzarzecze.home.pl\/autoinstalator\/wordpressplugins\/?page_id=214#breadcrumb\",\"itemListElement\":[{\"@type\":\"ListItem\",\"position\":1,\"name\":\"Home\",\"item\":\"https:\/\/www.zszarzecze.pl\/\"},{\"@type\":\"ListItem\",\"position\":2,\"name\":\"BIP\"}]}]}<\/script>\n<!-- \/ Yoast SEO plugin. -->","yoast_head_json":{"title":"BIP - Zesp\u00f3\u0142 Szk\u00f3\u0142 w Zarzeczu","robots":{"index":"index","follow":"follow","max-snippet":"max-snippet:-1","max-image-preview":"max-image-preview:large","max-video-preview":"max-video-preview:-1"},"canonical":"https:\/\/pgzarzecze.home.pl\/autoinstalator\/wordpressplugins\/?page_id=214","og_locale":"pl_PL","og_type":"article","og_title":"BIP - Zesp\u00f3\u0142 Szk\u00f3\u0142 w Zarzeczu","og_description":"Zesp\u00f3\u0142 Szk\u00f3\u0142 w Zarzeczu nosz\u0105cych imi\u0119 Jana Paw\u0142a II ul. \u015aw. Jana Paw\u0142a II&nbsp; 7 37-205 Zarzecze Tel: Sekretariat\/fax 16&nbsp;640 15 86 Pedagog\/higienistka 16&nbsp;640 12 72 Pracownia komputerowa 16\u00a0640 19 50 e-mail:&nbsp;zszarzecze@itl.plEdit NIP: 7941819121 REGON: 180869890","og_url":"https:\/\/pgzarzecze.home.pl\/autoinstalator\/wordpressplugins\/?page_id=214","og_site_name":"Zesp\u00f3\u0142 Szk\u00f3\u0142 w Zarzeczu","article_modified_time":"2020-07-21T17:28:42+00:00","twitter_card":"summary_large_image","schema":{"@context":"https:\/\/schema.org","@graph":[{"@type":"WebSite","@id":"https:\/\/www.zszarzecze.pl\/#website","url":"https:\/\/www.zszarzecze.pl\/","name":"Zesp\u00f3\u0142 Szk\u00f3\u0142 w Zarzeczu","description":"","potentialAction":[{"@type":"SearchAction","target":{"@type":"EntryPoint","urlTemplate":"https:\/\/www.zszarzecze.pl\/?s={search_term_string}"},"query-input":"required name=search_term_string"}],"inLanguage":"pl-PL"},{"@type":"WebPage","@id":"https:\/\/pgzarzecze.home.pl\/autoinstalator\/wordpressplugins\/?page_id=214#webpage","url":"https:\/\/pgzarzecze.home.pl\/autoinstalator\/wordpressplugins\/?page_id=214","name":"BIP - Zesp\u00f3\u0142 Szk\u00f3\u0142 w Zarzeczu","isPartOf":{"@id":"https:\/\/www.zszarzecze.pl\/#website"},"datePublished":"2020-07-16T16:59:18+00:00","dateModified":"2020-07-21T17:28:42+00:00","breadcrumb":{"@id":"https:\/\/pgzarzecze.home.pl\/autoinstalator\/wordpressplugins\/?page_id=214#breadcrumb"},"inLanguage":"pl-PL","potentialAction":[{"@type":"ReadAction","target":["https:\/\/pgzarzecze.home.pl\/autoinstalator\/wordpressplugins\/?page_id=214"]}]},{"@type":"BreadcrumbList","@id":"https:\/\/pgzarzecze.home.pl\/autoinstalator\/wordpressplugins\/?page_id=214#breadcrumb","itemListElement":[{"@type":"ListItem","position":1,"name":"Home","item":"https:\/\/www.zszarzecze.pl\/"},{"@type":"ListItem","position":2,"name":"BIP"}]}]}},"_links":{"self":[{"href":"https:\/\/www.zszarzecze.pl\/index.php?rest_route=\/wp\/v2\/pages\/214"}],"collection":[{"href":"https:\/\/www.zszarzecze.pl\/index.php?rest_route=\/wp\/v2\/pages"}],"about":[{"href":"https:\/\/www.zszarzecze.pl\/index.php?rest_route=\/wp\/v2\/types\/page"}],"author":[{"embeddable":true,"href":"https:\/\/www.zszarzecze.pl\/index.php?rest_route=\/wp\/v2\/users\/1"}],"replies":[{"embeddable":true,"href":"https:\/\/www.zszarzecze.pl\/index.php?rest_route=%2Fwp%2Fv2%2Fcomments&post=214"}],"version-history":[{"count":2,"href":"https:\/\/www.zszarzecze.pl\/index.php?rest_route=\/wp\/v2\/pages\/214\/revisions"}],"predecessor-version":[{"id":336,"href":"https:\/\/www.zszarzecze.pl\/index.php?rest_route=\/wp\/v2\/pages\/214\/revisions\/336"}],"wp:attachment":[{"href":"https:\/\/www.zszarzecze.pl\/index.php?rest_route=%2Fwp%2Fv2%2Fmedia&parent=214"}],"curies":[{"name":"wp","href":"https:\/\/api.w.org\/{rel}","templated":true}]}}