{"id":188,"date":"2020-07-16T18:35:49","date_gmt":"2020-07-16T16:35:49","guid":{"rendered":"https:\/\/pgzarzecze.home.pl\/autoinstalator\/wordpressplugins\/?page_id=188"},"modified":"2022-10-12T15:02:33","modified_gmt":"2022-10-12T13:02:33","slug":"kadra-kierownicza","status":"publish","type":"page","link":"https:\/\/www.zszarzecze.pl\/?page_id=188","title":{"rendered":"Kadra kierownicza"},"content":{"rendered":"\n<p>DYREKTOR ZESPO\u0141U SZK\u00d3\u0141<\/p>\n\n\n\n<p>dr Krzysztof Majkowski<\/p>\n\n\n\n<p>WICEDYREKTOR ZESPO\u0141U SZK\u00d3\u0141<\/p>\n\n\n\n<p>mgr Jan Szajny<\/p>\n\n\n\n<p>KIEROWNIK SZKO\u0141Y FILIALNEJ IM OR\u0141A BIA\u0141EGO<\/p>\n\n\n\n<p>mgr Janina Mamak<\/p>\n\n\n\n<p><\/p>\n\n\n\n<p><\/p>\n","protected":false},"excerpt":{"rendered":"<p>DYREKTOR ZESPO\u0141U SZK\u00d3\u0141 dr Krzysztof Majkowski WICEDYREKTOR ZESPO\u0141U SZK\u00d3\u0141 mgr Jan Szajny KIEROWNIK SZKO\u0141Y FILIALNEJ IM OR\u0141A BIA\u0141EGO mgr Janina Mamak<\/p>\n","protected":false},"author":1,"featured_media":0,"parent":0,"menu_order":0,"comment_status":"closed","ping_status":"closed","template":"","meta":{"ngg_post_thumbnail":0},"yoast_head":"<!-- This site is optimized with the Yoast SEO plugin v16.9 - https:\/\/yoast.com\/wordpress\/plugins\/seo\/ -->\n<title>Kadra kierownicza - Zesp\u00f3\u0142 Szk\u00f3\u0142 w Zarzeczu<\/title>\n<meta name=\"robots\" content=\"index, follow, max-snippet:-1, max-image-preview:large, max-video-preview:-1\" \/>\n<link rel=\"canonical\" href=\"https:\/\/www.zszarzecze.pl\/?page_id=188\" \/>\n<meta property=\"og:locale\" content=\"pl_PL\" \/>\n<meta property=\"og:type\" content=\"article\" \/>\n<meta property=\"og:title\" content=\"Kadra kierownicza - Zesp\u00f3\u0142 Szk\u00f3\u0142 w Zarzeczu\" \/>\n<meta property=\"og:description\" content=\"DYREKTOR ZESPO\u0141U SZK\u00d3\u0141 dr Krzysztof Majkowski WICEDYREKTOR ZESPO\u0141U SZK\u00d3\u0141 mgr Jan Szajny KIEROWNIK SZKO\u0141Y FILIALNEJ IM OR\u0141A BIA\u0141EGO mgr Janina Mamak\" \/>\n<meta property=\"og:url\" content=\"https:\/\/www.zszarzecze.pl\/?page_id=188\" \/>\n<meta property=\"og:site_name\" content=\"Zesp\u00f3\u0142 Szk\u00f3\u0142 w Zarzeczu\" \/>\n<meta property=\"article:modified_time\" content=\"2022-10-12T13:02:33+00:00\" \/>\n<meta name=\"twitter:card\" content=\"summary_large_image\" \/>\n<meta name=\"twitter:label1\" content=\"Szacowany czas czytania\" \/>\n\t<meta name=\"twitter:data1\" content=\"1 minuta\" \/>\n<script type=\"application\/ld+json\" class=\"yoast-schema-graph\">{\"@context\":\"https:\/\/schema.org\",\"@graph\":[{\"@type\":\"WebSite\",\"@id\":\"https:\/\/www.zszarzecze.pl\/#website\",\"url\":\"https:\/\/www.zszarzecze.pl\/\",\"name\":\"Zesp\\u00f3\\u0142 Szk\\u00f3\\u0142 w Zarzeczu\",\"description\":\"\",\"potentialAction\":[{\"@type\":\"SearchAction\",\"target\":{\"@type\":\"EntryPoint\",\"urlTemplate\":\"https:\/\/www.zszarzecze.pl\/?s={search_term_string}\"},\"query-input\":\"required name=search_term_string\"}],\"inLanguage\":\"pl-PL\"},{\"@type\":\"WebPage\",\"@id\":\"https:\/\/www.zszarzecze.pl\/?page_id=188#webpage\",\"url\":\"https:\/\/www.zszarzecze.pl\/?page_id=188\",\"name\":\"Kadra kierownicza - Zesp\\u00f3\\u0142 Szk\\u00f3\\u0142 w Zarzeczu\",\"isPartOf\":{\"@id\":\"https:\/\/www.zszarzecze.pl\/#website\"},\"datePublished\":\"2020-07-16T16:35:49+00:00\",\"dateModified\":\"2022-10-12T13:02:33+00:00\",\"breadcrumb\":{\"@id\":\"https:\/\/www.zszarzecze.pl\/?page_id=188#breadcrumb\"},\"inLanguage\":\"pl-PL\",\"potentialAction\":[{\"@type\":\"ReadAction\",\"target\":[\"https:\/\/www.zszarzecze.pl\/?page_id=188\"]}]},{\"@type\":\"BreadcrumbList\",\"@id\":\"https:\/\/www.zszarzecze.pl\/?page_id=188#breadcrumb\",\"itemListElement\":[{\"@type\":\"ListItem\",\"position\":1,\"name\":\"Home\",\"item\":\"https:\/\/www.zszarzecze.pl\/\"},{\"@type\":\"ListItem\",\"position\":2,\"name\":\"Kadra kierownicza\"}]}]}<\/script>\n<!-- \/ Yoast SEO plugin. -->","yoast_head_json":{"title":"Kadra kierownicza - Zesp\u00f3\u0142 Szk\u00f3\u0142 w Zarzeczu","robots":{"index":"index","follow":"follow","max-snippet":"max-snippet:-1","max-image-preview":"max-image-preview:large","max-video-preview":"max-video-preview:-1"},"canonical":"https:\/\/www.zszarzecze.pl\/?page_id=188","og_locale":"pl_PL","og_type":"article","og_title":"Kadra kierownicza - Zesp\u00f3\u0142 Szk\u00f3\u0142 w Zarzeczu","og_description":"DYREKTOR ZESPO\u0141U SZK\u00d3\u0141 dr Krzysztof Majkowski WICEDYREKTOR ZESPO\u0141U SZK\u00d3\u0141 mgr Jan Szajny KIEROWNIK SZKO\u0141Y FILIALNEJ IM OR\u0141A BIA\u0141EGO mgr Janina Mamak","og_url":"https:\/\/www.zszarzecze.pl\/?page_id=188","og_site_name":"Zesp\u00f3\u0142 Szk\u00f3\u0142 w Zarzeczu","article_modified_time":"2022-10-12T13:02:33+00:00","twitter_card":"summary_large_image","twitter_misc":{"Szacowany czas czytania":"1 minuta"},"schema":{"@context":"https:\/\/schema.org","@graph":[{"@type":"WebSite","@id":"https:\/\/www.zszarzecze.pl\/#website","url":"https:\/\/www.zszarzecze.pl\/","name":"Zesp\u00f3\u0142 Szk\u00f3\u0142 w Zarzeczu","description":"","potentialAction":[{"@type":"SearchAction","target":{"@type":"EntryPoint","urlTemplate":"https:\/\/www.zszarzecze.pl\/?s={search_term_string}"},"query-input":"required name=search_term_string"}],"inLanguage":"pl-PL"},{"@type":"WebPage","@id":"https:\/\/www.zszarzecze.pl\/?page_id=188#webpage","url":"https:\/\/www.zszarzecze.pl\/?page_id=188","name":"Kadra kierownicza - Zesp\u00f3\u0142 Szk\u00f3\u0142 w Zarzeczu","isPartOf":{"@id":"https:\/\/www.zszarzecze.pl\/#website"},"datePublished":"2020-07-16T16:35:49+00:00","dateModified":"2022-10-12T13:02:33+00:00","breadcrumb":{"@id":"https:\/\/www.zszarzecze.pl\/?page_id=188#breadcrumb"},"inLanguage":"pl-PL","potentialAction":[{"@type":"ReadAction","target":["https:\/\/www.zszarzecze.pl\/?page_id=188"]}]},{"@type":"BreadcrumbList","@id":"https:\/\/www.zszarzecze.pl\/?page_id=188#breadcrumb","itemListElement":[{"@type":"ListItem","position":1,"name":"Home","item":"https:\/\/www.zszarzecze.pl\/"},{"@type":"ListItem","position":2,"name":"Kadra kierownicza"}]}]}},"_links":{"self":[{"href":"https:\/\/www.zszarzecze.pl\/index.php?rest_route=\/wp\/v2\/pages\/188"}],"collection":[{"href":"https:\/\/www.zszarzecze.pl\/index.php?rest_route=\/wp\/v2\/pages"}],"about":[{"href":"https:\/\/www.zszarzecze.pl\/index.php?rest_route=\/wp\/v2\/types\/page"}],"author":[{"embeddable":true,"href":"https:\/\/www.zszarzecze.pl\/index.php?rest_route=\/wp\/v2\/users\/1"}],"replies":[{"embeddable":true,"href":"https:\/\/www.zszarzecze.pl\/index.php?rest_route=%2Fwp%2Fv2%2Fcomments&post=188"}],"version-history":[{"count":2,"href":"https:\/\/www.zszarzecze.pl\/index.php?rest_route=\/wp\/v2\/pages\/188\/revisions"}],"predecessor-version":[{"id":5241,"href":"https:\/\/www.zszarzecze.pl\/index.php?rest_route=\/wp\/v2\/pages\/188\/revisions\/5241"}],"wp:attachment":[{"href":"https:\/\/www.zszarzecze.pl\/index.php?rest_route=%2Fwp%2Fv2%2Fmedia&parent=188"}],"curies":[{"name":"wp","href":"https:\/\/api.w.org\/{rel}","templated":true}]}}