{"id":176,"date":"2020-07-16T18:22:57","date_gmt":"2020-07-16T16:22:57","guid":{"rendered":"https:\/\/pgzarzecze.home.pl\/autoinstalator\/wordpressplugins\/?page_id=176"},"modified":"2025-09-07T18:45:13","modified_gmt":"2025-09-07T16:45:13","slug":"ubezpieczenie","status":"publish","type":"page","link":"https:\/\/www.zszarzecze.pl\/?page_id=176","title":{"rendered":"Ubezpieczenie"},"content":{"rendered":"\n<p><strong>Rok szkolny 2025\/2<\/strong>6<\/p>\n\n\n\n<p><\/p>\n\n\n\n<p><a href=\"https:\/\/pgzarzecze.home.pl\/autoinstalator\/wordpressplugins\/dokumenty\/owu2025.pdf\">OWU Bezpieczna Szko\u0142a 25 <\/a><\/p>\n\n\n\n<p><a href=\"https:\/\/pgzarzecze.home.pl\/autoinstalator\/wordpressplugins\/dokumenty\/Zg\u0142oszenie szkody przyk\u0142ad.pdf\">Druk zg\u0142oszenia szkody. Wz\u00f3r<\/a><\/p>\n\n\n\n<p><a href=\"https:\/\/pgzarzecze.home.pl\/autoinstalator\/wordpressplugins\/dokumenty\/Druk zg\u0142oszenia szkody 2024.pdf\">Druk zg\u0142oszenia szkody<\/a><\/p>\n\n\n\n<p><a href=\"https:\/\/pgzarzecze.home.pl\/autoinstalator\/wordpressplugins\/dokumenty\/Sposoby zg\u0142aszania szkody 2024.pdf\">Sposoby zg\u0142aszania szk\u00f3d<\/a><\/p>\n\n\n\n<p><a href=\"https:\/\/pgzarzecze.home.pl\/autoinstalator\/wordpressplugins\/dokumenty\/Informacje o produkcie ubezpieczeniowym.pdf\">In<\/a><a href=\"https:\/\/pgzarzecze.home.pl\/autoinstalator\/wordpressplugins\/dokumenty\/informacja o produkcie 25.pdf\">formacje o produkcie ubezpieczeniowym<\/a> <\/p>\n\n\n\n<p><a href=\"https:\/\/pgzarzecze.home.pl\/autoinstalator\/wordpressplugins\/dokumenty\/O\u015bwiadczenie indywidualne 2024.pdf\">O\u015bwiadczenie indywidualne<\/a><\/p>\n\n\n\n<p><a href=\"https:\/\/pgzarzecze.home.pl\/autoinstalator\/wordpressplugins\/dokumenty\/O\u015bwiadczenie zbiorcze 2024.pdf\">O\u015bwiadczenie zbiorcze<\/a><\/p>\n\n\n\n<hr class=\"wp-block-separator is-style-wide\"\/>\n","protected":false},"excerpt":{"rendered":"<p>Rok szkolny 2025\/26 OWU Bezpieczna Szko\u0142a 25 Druk zg\u0142oszenia szkody. Wz\u00f3r Druk zg\u0142oszenia szkody Sposoby zg\u0142aszania szk\u00f3d Informacje o produkcie ubezpieczeniowym O\u015bwiadczenie indywidualne O\u015bwiadczenie zbiorcze<\/p>\n","protected":false},"author":1,"featured_media":0,"parent":0,"menu_order":0,"comment_status":"closed","ping_status":"closed","template":"","meta":{"ngg_post_thumbnail":0},"yoast_head":"<!-- This site is optimized with the Yoast SEO plugin v16.9 - https:\/\/yoast.com\/wordpress\/plugins\/seo\/ -->\n<title>Ubezpieczenie - Zesp\u00f3\u0142 Szk\u00f3\u0142 w Zarzeczu<\/title>\n<meta name=\"robots\" content=\"index, follow, max-snippet:-1, max-image-preview:large, max-video-preview:-1\" \/>\n<link rel=\"canonical\" href=\"https:\/\/www.zszarzecze.pl\/?page_id=176\" \/>\n<meta property=\"og:locale\" content=\"pl_PL\" \/>\n<meta property=\"og:type\" content=\"article\" \/>\n<meta property=\"og:title\" content=\"Ubezpieczenie - Zesp\u00f3\u0142 Szk\u00f3\u0142 w Zarzeczu\" \/>\n<meta property=\"og:description\" content=\"Rok szkolny 2025\/26 OWU Bezpieczna Szko\u0142a 25 Druk zg\u0142oszenia szkody. Wz\u00f3r Druk zg\u0142oszenia szkody Sposoby zg\u0142aszania szk\u00f3d Informacje o produkcie ubezpieczeniowym O\u015bwiadczenie indywidualne O\u015bwiadczenie zbiorcze\" \/>\n<meta property=\"og:url\" content=\"https:\/\/www.zszarzecze.pl\/?page_id=176\" \/>\n<meta property=\"og:site_name\" content=\"Zesp\u00f3\u0142 Szk\u00f3\u0142 w Zarzeczu\" \/>\n<meta property=\"article:modified_time\" content=\"2025-09-07T16:45:13+00:00\" \/>\n<meta name=\"twitter:card\" content=\"summary_large_image\" \/>\n<meta name=\"twitter:label1\" content=\"Szacowany czas czytania\" \/>\n\t<meta name=\"twitter:data1\" content=\"1 minuta\" \/>\n<script type=\"application\/ld+json\" class=\"yoast-schema-graph\">{\"@context\":\"https:\/\/schema.org\",\"@graph\":[{\"@type\":\"WebSite\",\"@id\":\"https:\/\/www.zszarzecze.pl\/#website\",\"url\":\"https:\/\/www.zszarzecze.pl\/\",\"name\":\"Zesp\\u00f3\\u0142 Szk\\u00f3\\u0142 w Zarzeczu\",\"description\":\"\",\"potentialAction\":[{\"@type\":\"SearchAction\",\"target\":{\"@type\":\"EntryPoint\",\"urlTemplate\":\"https:\/\/www.zszarzecze.pl\/?s={search_term_string}\"},\"query-input\":\"required name=search_term_string\"}],\"inLanguage\":\"pl-PL\"},{\"@type\":\"WebPage\",\"@id\":\"https:\/\/www.zszarzecze.pl\/?page_id=176#webpage\",\"url\":\"https:\/\/www.zszarzecze.pl\/?page_id=176\",\"name\":\"Ubezpieczenie - Zesp\\u00f3\\u0142 Szk\\u00f3\\u0142 w Zarzeczu\",\"isPartOf\":{\"@id\":\"https:\/\/www.zszarzecze.pl\/#website\"},\"datePublished\":\"2020-07-16T16:22:57+00:00\",\"dateModified\":\"2025-09-07T16:45:13+00:00\",\"breadcrumb\":{\"@id\":\"https:\/\/www.zszarzecze.pl\/?page_id=176#breadcrumb\"},\"inLanguage\":\"pl-PL\",\"potentialAction\":[{\"@type\":\"ReadAction\",\"target\":[\"https:\/\/www.zszarzecze.pl\/?page_id=176\"]}]},{\"@type\":\"BreadcrumbList\",\"@id\":\"https:\/\/www.zszarzecze.pl\/?page_id=176#breadcrumb\",\"itemListElement\":[{\"@type\":\"ListItem\",\"position\":1,\"name\":\"Home\",\"item\":\"https:\/\/www.zszarzecze.pl\/\"},{\"@type\":\"ListItem\",\"position\":2,\"name\":\"Ubezpieczenie\"}]}]}<\/script>\n<!-- \/ Yoast SEO plugin. -->","yoast_head_json":{"title":"Ubezpieczenie - Zesp\u00f3\u0142 Szk\u00f3\u0142 w Zarzeczu","robots":{"index":"index","follow":"follow","max-snippet":"max-snippet:-1","max-image-preview":"max-image-preview:large","max-video-preview":"max-video-preview:-1"},"canonical":"https:\/\/www.zszarzecze.pl\/?page_id=176","og_locale":"pl_PL","og_type":"article","og_title":"Ubezpieczenie - Zesp\u00f3\u0142 Szk\u00f3\u0142 w Zarzeczu","og_description":"Rok szkolny 2025\/26 OWU Bezpieczna Szko\u0142a 25 Druk zg\u0142oszenia szkody. Wz\u00f3r Druk zg\u0142oszenia szkody Sposoby zg\u0142aszania szk\u00f3d Informacje o produkcie ubezpieczeniowym O\u015bwiadczenie indywidualne O\u015bwiadczenie zbiorcze","og_url":"https:\/\/www.zszarzecze.pl\/?page_id=176","og_site_name":"Zesp\u00f3\u0142 Szk\u00f3\u0142 w Zarzeczu","article_modified_time":"2025-09-07T16:45:13+00:00","twitter_card":"summary_large_image","twitter_misc":{"Szacowany czas czytania":"1 minuta"},"schema":{"@context":"https:\/\/schema.org","@graph":[{"@type":"WebSite","@id":"https:\/\/www.zszarzecze.pl\/#website","url":"https:\/\/www.zszarzecze.pl\/","name":"Zesp\u00f3\u0142 Szk\u00f3\u0142 w Zarzeczu","description":"","potentialAction":[{"@type":"SearchAction","target":{"@type":"EntryPoint","urlTemplate":"https:\/\/www.zszarzecze.pl\/?s={search_term_string}"},"query-input":"required name=search_term_string"}],"inLanguage":"pl-PL"},{"@type":"WebPage","@id":"https:\/\/www.zszarzecze.pl\/?page_id=176#webpage","url":"https:\/\/www.zszarzecze.pl\/?page_id=176","name":"Ubezpieczenie - Zesp\u00f3\u0142 Szk\u00f3\u0142 w Zarzeczu","isPartOf":{"@id":"https:\/\/www.zszarzecze.pl\/#website"},"datePublished":"2020-07-16T16:22:57+00:00","dateModified":"2025-09-07T16:45:13+00:00","breadcrumb":{"@id":"https:\/\/www.zszarzecze.pl\/?page_id=176#breadcrumb"},"inLanguage":"pl-PL","potentialAction":[{"@type":"ReadAction","target":["https:\/\/www.zszarzecze.pl\/?page_id=176"]}]},{"@type":"BreadcrumbList","@id":"https:\/\/www.zszarzecze.pl\/?page_id=176#breadcrumb","itemListElement":[{"@type":"ListItem","position":1,"name":"Home","item":"https:\/\/www.zszarzecze.pl\/"},{"@type":"ListItem","position":2,"name":"Ubezpieczenie"}]}]}},"_links":{"self":[{"href":"https:\/\/www.zszarzecze.pl\/index.php?rest_route=\/wp\/v2\/pages\/176"}],"collection":[{"href":"https:\/\/www.zszarzecze.pl\/index.php?rest_route=\/wp\/v2\/pages"}],"about":[{"href":"https:\/\/www.zszarzecze.pl\/index.php?rest_route=\/wp\/v2\/types\/page"}],"author":[{"embeddable":true,"href":"https:\/\/www.zszarzecze.pl\/index.php?rest_route=\/wp\/v2\/users\/1"}],"replies":[{"embeddable":true,"href":"https:\/\/www.zszarzecze.pl\/index.php?rest_route=%2Fwp%2Fv2%2Fcomments&post=176"}],"version-history":[{"count":23,"href":"https:\/\/www.zszarzecze.pl\/index.php?rest_route=\/wp\/v2\/pages\/176\/revisions"}],"predecessor-version":[{"id":13580,"href":"https:\/\/www.zszarzecze.pl\/index.php?rest_route=\/wp\/v2\/pages\/176\/revisions\/13580"}],"wp:attachment":[{"href":"https:\/\/www.zszarzecze.pl\/index.php?rest_route=%2Fwp%2Fv2%2Fmedia&parent=176"}],"curies":[{"name":"wp","href":"https:\/\/api.w.org\/{rel}","templated":true}]}}